{"id":109,"date":"2025-03-05T10:16:52","date_gmt":"2025-03-05T10:16:52","guid":{"rendered":"http:\/\/erasmusera.com\/?page_id=109"},"modified":"2025-03-05T10:16:52","modified_gmt":"2025-03-05T10:16:52","slug":"hakkinda","status":"publish","type":"page","link":"https:\/\/erasmusera.com\/?page_id=109&lang=tr","title":{"rendered":"HAKKINDA"},"content":{"rendered":"\n<p><strong>Ama\u00e7lar:<\/strong><\/p>\n\n\n\n<ol class=\"wp-block-list\">\n<li>Aktif ya\u015flanmay\u0131 te\u015fvik etmek: K\u0131rsal alanlardaki ya\u015fl\u0131 bireylerin sanat terapisi seanslar\u0131na kat\u0131l\u0131m yoluyla fiziksel, zihinsel ve sosyal olarak aktif kalmalar\u0131n\u0131 te\u015fvik etmek.<\/li>\n\n\n\n<li>Yarat\u0131c\u0131l\u0131\u011f\u0131 ve sanatsal ifadeyi te\u015fvik etmek: Ya\u015fl\u0131 kat\u0131l\u0131mc\u0131lara resim, \u00e7izim ve heykel gibi yarat\u0131c\u0131 faaliyetlerde bulunma, kendilerini ifade etme ve sanatsal potansiyellerini ke\u015ffetme f\u0131rsatlar\u0131 sa\u011flamak.<\/li>\n\n\n\n<li>Refah\u0131 ve ya\u015fam kalitesini art\u0131rmak: Ya\u015fl\u0131 bireylerin zihinsel, duygusal ve sosyal refah\u0131n\u0131 iyile\u015ftirmek i\u00e7in kendini ifade etme ve duygusal i\u015fleme i\u00e7in terap\u00f6tik bir \u00e7\u0131k\u0131\u015f noktas\u0131 sunmak.<\/li>\n\n\n\n<li>\u00c7evresel fark\u0131ndal\u0131\u011f\u0131 te\u015fvik etmek: \u00c7evre koruma ve s\u00fcrd\u00fcr\u00fclebilirlik konusunda fark\u0131ndal\u0131\u011f\u0131 art\u0131rmak i\u00e7in sanat terapisi seanslar\u0131nda geri d\u00f6n\u00fc\u015ft\u00fcr\u00fclm\u00fc\u015f malzemeler ve do\u011fal unsurlar kullanmak.<\/li>\n\n\n\n<li>Sosyal izolasyonla m\u00fccadele etmek: Ya\u015fl\u0131 kat\u0131l\u0131mc\u0131lar\u0131n akranlar\u0131yla ba\u011flant\u0131 kurabilecekleri, deneyimlerini payla\u015fabilecekleri ve anlaml\u0131 ili\u015fkiler kurabilecekleri destekleyici ve kapsay\u0131c\u0131 bir ortam yaratmak.<\/li>\n<\/ol>\n\n\n\n<p>Proje, \u00f6zellikle k\u0131rsal alanlarda ya\u015fayan ya\u015fl\u0131 bireylerin refah\u0131 ve ya\u015fam kalitesiyle ilgili birka\u00e7 kritik ihtiyac\u0131 ele almay\u0131 ama\u00e7lamaktad\u0131r. Bu ihtiya\u00e7lar \u015funlar\u0131 i\u00e7erir:<\/p>\n\n\n\n<ol class=\"wp-block-list\">\n<li>Sosyal \u0130zolasyon ve Yaln\u0131zl\u0131k<\/li>\n\n\n\n<li>Zihinsel ve Duygusal Refah<\/li>\n\n\n\n<li>Fiziksel Sa\u011fl\u0131k ve Hareketlilik<\/li>\n\n\n\n<li>Bili\u015fsel Uyar\u0131m ve Beyin Sa\u011fl\u0131\u011f\u0131<\/li>\n\n\n\n<li>Ama\u00e7 ve Anlam Duygusu<\/li>\n<\/ol>\n\n\n\n<p>Sanat terapisi programlar\u0131n\u0131n uygulanmas\u0131 yoluyla bu \u00e7e\u015fitli ihtiya\u00e7lar\u0131 ele alarak, proje k\u0131rsal alanlardaki ya\u015fl\u0131 bireylerin genel refah\u0131n\u0131, dayan\u0131kl\u0131l\u0131\u011f\u0131n\u0131 ve ya\u015fam kalitesini art\u0131rmay\u0131, b\u00f6ylece sa\u011fl\u0131kl\u0131 ya\u015flanmay\u0131 ve ileriki ya\u015famda aktif kat\u0131l\u0131m\u0131 te\u015fvik etmeyi ama\u00e7lamaktad\u0131r.<\/p>\n","protected":false},"excerpt":{"rendered":"<p>Ama\u00e7lar: Proje, \u00f6zellikle k\u0131rsal alanlarda ya\u015fayan ya\u015fl\u0131 bireylerin refah\u0131 ve ya\u015fam kalitesiyle ilgili birka\u00e7 kritik ihtiyac\u0131 ele almay\u0131 ama\u00e7lamaktad\u0131r. Bu [&hellip;]<\/p>\n","protected":false},"author":2,"featured_media":0,"parent":0,"menu_order":0,"comment_status":"closed","ping_status":"closed","template":"","meta":{"site-sidebar-layout":"default","site-content-layout":"","ast-site-content-layout":"","site-content-style":"default","site-sidebar-style":"default","ast-global-header-display":"","ast-banner-title-visibility":"","ast-main-header-display":"","ast-hfb-above-header-display":"","ast-hfb-below-header-display":"","ast-hfb-mobile-header-display":"","site-post-title":"","ast-breadcrumbs-content":"","ast-featured-img":"","footer-sml-layout":"","theme-transparent-header-meta":"","adv-header-id-meta":"","stick-header-meta":"","header-above-stick-meta":"","header-main-stick-meta":"","header-below-stick-meta":"","astra-migrate-meta-layouts":"default","ast-page-background-enabled":"default","ast-page-background-meta":{"desktop":{"background-color":"var(--ast-global-color-5)","background-image":"","background-repeat":"repeat","background-position":"center center","background-size":"auto","background-attachment":"scroll","background-type":"","background-media":"","overlay-type":"","overlay-color":"","overlay-opacity":"","overlay-gradient":""},"tablet":{"background-color":"","background-image":"","background-repeat":"repeat","background-position":"center center","background-size":"auto","background-attachment":"scroll","background-type":"","background-media":"","overlay-type":"","overlay-color":"","overlay-opacity":"","overlay-gradient":""},"mobile":{"background-color":"","background-image":"","background-repeat":"repeat","background-position":"center center","background-size":"auto","background-attachment":"scroll","background-type":"","background-media":"","overlay-type":"","overlay-color":"","overlay-opacity":"","overlay-gradient":""}},"ast-content-background-meta":{"desktop":{"background-color":"var(--ast-global-color-4)","background-image":"","background-repeat":"repeat","background-position":"center center","background-size":"auto","background-attachment":"scroll","background-type":"","background-media":"","overlay-type":"","overlay-color":"","overlay-opacity":"","overlay-gradient":""},"tablet":{"background-color":"var(--ast-global-color-4)","background-image":"","background-repeat":"repeat","background-position":"center center","background-size":"auto","background-attachment":"scroll","background-type":"","background-media":"","overlay-type":"","overlay-color":"","overlay-opacity":"","overlay-gradient":""},"mobile":{"background-color":"var(--ast-global-color-4)","background-image":"","background-repeat":"repeat","background-position":"center center","background-size":"auto","background-attachment":"scroll","background-type":"","background-media":"","overlay-type":"","overlay-color":"","overlay-opacity":"","overlay-gradient":""}},"footnotes":""},"class_list":["post-109","page","type-page","status-publish","hentry"],"jetpack_sharing_enabled":true,"_links":{"self":[{"href":"https:\/\/erasmusera.com\/index.php?rest_route=\/wp\/v2\/pages\/109","targetHints":{"allow":["GET"]}}],"collection":[{"href":"https:\/\/erasmusera.com\/index.php?rest_route=\/wp\/v2\/pages"}],"about":[{"href":"https:\/\/erasmusera.com\/index.php?rest_route=\/wp\/v2\/types\/page"}],"author":[{"embeddable":true,"href":"https:\/\/erasmusera.com\/index.php?rest_route=\/wp\/v2\/users\/2"}],"replies":[{"embeddable":true,"href":"https:\/\/erasmusera.com\/index.php?rest_route=%2Fwp%2Fv2%2Fcomments&post=109"}],"version-history":[{"count":1,"href":"https:\/\/erasmusera.com\/index.php?rest_route=\/wp\/v2\/pages\/109\/revisions"}],"predecessor-version":[{"id":111,"href":"https:\/\/erasmusera.com\/index.php?rest_route=\/wp\/v2\/pages\/109\/revisions\/111"}],"wp:attachment":[{"href":"https:\/\/erasmusera.com\/index.php?rest_route=%2Fwp%2Fv2%2Fmedia&parent=109"}],"curies":[{"name":"wp","href":"https:\/\/api.w.org\/{rel}","templated":true}]}}