{"id":115,"date":"2025-03-05T10:19:35","date_gmt":"2025-03-05T10:19:35","guid":{"rendered":"http:\/\/erasmusera.com\/?page_id=115"},"modified":"2025-03-05T10:19:35","modified_gmt":"2025-03-05T10:19:35","slug":"apie","status":"publish","type":"page","link":"https:\/\/erasmusera.com\/?page_id=115&lang=lt","title":{"rendered":"APIE"},"content":{"rendered":"\n<p><strong>Tikslai:<\/strong><\/p>\n\n\n\n<ol class=\"wp-block-list\">\n<li>Skatinti aktyv\u0173 senjor\u0173 gyvenimo b\u016bd\u0105: Skatinti vyresnio am\u017eiaus \u017emones kaimo vietov\u0117se i\u0161likti fizi\u0161kai, proti\u0161kai ir socialiai aktyviais.<br>dalyvaujant meno terapijos u\u017esi\u0117mimuose.<\/li>\n\n\n\n<li>Skatinti k\u016brybi\u0161kum\u0105 ir menin\u0119 rai\u0161k\u0105: Suteikti pagyvenusiems dalyviams galimyb\u0119 u\u017esiimti k\u016brybine veikla, pavyzd\u017eiui, tapyba, pie\u0161imu ir modeliavimu, kad jie gal\u0117t\u0173 i\u0161reik\u0161ti save ir atskleisti savo menin\u012f potencial\u0105.<\/li>\n\n\n\n<li>Gerinti gerov\u0119 ir gyvenimo kokyb\u0119: Pagerinti pagyvenusi\u0173 asmen\u0173 protin\u0119, emocin\u0119 ir socialin\u0119 gerov\u0119, suteikiant terapin\u0119 savirai\u0161kos ir emocij\u0173 apdorojimo galimyb\u0119.<\/li>\n\n\n\n<li>Skatinti aplinkos suvokim\u0105: Meno terapijos u\u017esi\u0117mimuose naudokite perdirbtas med\u017eiagas ir nat\u016bralius komponentus, siekiant didinti informuotum\u0105 apie aplinkos i\u0161saugojim\u0105 ir tvarum\u0105.<\/li>\n\n\n\n<li>Kova su socialine izoliacija: Sukurkite palanki\u0105 ir \u012ftrauki\u0105 aplink\u0105, kurioje vyresnio am\u017eiaus dalyviai gal\u0117t\u0173 bendrauti su bendraam\u017eiais, dalytis patirtimi ir u\u017emegzti prasmingus santykius.<\/li>\n<\/ol>\n\n\n\n<p>Projektu siekiama patenkinti kelet\u0105 svarbiausi\u0173 poreiki\u0173, susijusi\u0173 su pagyvenusi\u0173 \u017emoni\u0173, ypa\u010d gyvenan\u010di\u0173 kaimo vietov\u0117se, gerove ir gyvenimo kokybe. \u0160ie poreikiai apima:<\/p>\n\n\n\n<ol class=\"wp-block-list\">\n<li>Socialin\u0119 izoliacij\u0105 ir vienatv\u0119<\/li>\n\n\n\n<li>Psichin\u0119 ir emocin\u0119 gerov\u0119<\/li>\n\n\n\n<li>Fizin\u0119 sveikat\u0105 ir mobilum\u0105<\/li>\n\n\n\n<li>Kognityvin\u0119 stimuliacij\u0105 ir smegen\u0173 sveikat\u0105<\/li>\n\n\n\n<li>Tikslo ir prasm\u0117s poj\u016bt\u012f<\/li>\n<\/ol>\n\n\n\n<p>\u012egyvendinant meno terapijos programas ir tenkinant \u0161iuos skirtingus poreikius, projektu siekiama pagerinti bendr\u0105 kaimo vietov\u0117se gyvenan\u010di\u0173 vyresnio am\u017eiaus \u017emoni\u0173 gerov\u0119 ir gyvenimo kokyb\u0119, taip skatinant sveik\u0105 gyvenimo b\u016bd\u0105 ir aktyvi\u0105 veikl\u0105 v\u0117lesniame am\u017eiuje.<\/p>\n\n\n\n<p><\/p>\n","protected":false},"excerpt":{"rendered":"<p>Tikslai: Projektu siekiama patenkinti kelet\u0105 svarbiausi\u0173 poreiki\u0173, susijusi\u0173 su pagyvenusi\u0173 \u017emoni\u0173, ypa\u010d gyvenan\u010di\u0173 kaimo vietov\u0117se, gerove ir gyvenimo kokybe. \u0160ie [&hellip;]<\/p>\n","protected":false},"author":2,"featured_media":0,"parent":0,"menu_order":0,"comment_status":"closed","ping_status":"closed","template":"","meta":{"site-sidebar-layout":"default","site-content-layout":"","ast-site-content-layout":"","site-content-style":"default","site-sidebar-style":"default","ast-global-header-display":"","ast-banner-title-visibility":"","ast-main-header-display":"","ast-hfb-above-header-display":"","ast-hfb-below-header-display":"","ast-hfb-mobile-header-display":"","site-post-title":"","ast-breadcrumbs-content":"","ast-featured-img":"","footer-sml-layout":"","theme-transparent-header-meta":"","adv-header-id-meta":"","stick-header-meta":"","header-above-stick-meta":"","header-main-stick-meta":"","header-below-stick-meta":"","astra-migrate-meta-layouts":"default","ast-page-background-enabled":"default","ast-page-background-meta":{"desktop":{"background-color":"var(--ast-global-color-5)","background-image":"","background-repeat":"repeat","background-position":"center center","background-size":"auto","background-attachment":"scroll","background-type":"","background-media":"","overlay-type":"","overlay-color":"","overlay-opacity":"","overlay-gradient":""},"tablet":{"background-color":"","background-image":"","background-repeat":"repeat","background-position":"center center","background-size":"auto","background-attachment":"scroll","background-type":"","background-media":"","overlay-type":"","overlay-color":"","overlay-opacity":"","overlay-gradient":""},"mobile":{"background-color":"","background-image":"","background-repeat":"repeat","background-position":"center center","background-size":"auto","background-attachment":"scroll","background-type":"","background-media":"","overlay-type":"","overlay-color":"","overlay-opacity":"","overlay-gradient":""}},"ast-content-background-meta":{"desktop":{"background-color":"var(--ast-global-color-4)","background-image":"","background-repeat":"repeat","background-position":"center center","background-size":"auto","background-attachment":"scroll","background-type":"","background-media":"","overlay-type":"","overlay-color":"","overlay-opacity":"","overlay-gradient":""},"tablet":{"background-color":"var(--ast-global-color-4)","background-image":"","background-repeat":"repeat","background-position":"center center","background-size":"auto","background-attachment":"scroll","background-type":"","background-media":"","overlay-type":"","overlay-color":"","overlay-opacity":"","overlay-gradient":""},"mobile":{"background-color":"var(--ast-global-color-4)","background-image":"","background-repeat":"repeat","background-position":"center center","background-size":"auto","background-attachment":"scroll","background-type":"","background-media":"","overlay-type":"","overlay-color":"","overlay-opacity":"","overlay-gradient":""}},"footnotes":""},"class_list":["post-115","page","type-page","status-publish","hentry"],"jetpack_sharing_enabled":true,"_links":{"self":[{"href":"https:\/\/erasmusera.com\/index.php?rest_route=\/wp\/v2\/pages\/115","targetHints":{"allow":["GET"]}}],"collection":[{"href":"https:\/\/erasmusera.com\/index.php?rest_route=\/wp\/v2\/pages"}],"about":[{"href":"https:\/\/erasmusera.com\/index.php?rest_route=\/wp\/v2\/types\/page"}],"author":[{"embeddable":true,"href":"https:\/\/erasmusera.com\/index.php?rest_route=\/wp\/v2\/users\/2"}],"replies":[{"embeddable":true,"href":"https:\/\/erasmusera.com\/index.php?rest_route=%2Fwp%2Fv2%2Fcomments&post=115"}],"version-history":[{"count":1,"href":"https:\/\/erasmusera.com\/index.php?rest_route=\/wp\/v2\/pages\/115\/revisions"}],"predecessor-version":[{"id":117,"href":"https:\/\/erasmusera.com\/index.php?rest_route=\/wp\/v2\/pages\/115\/revisions\/117"}],"wp:attachment":[{"href":"https:\/\/erasmusera.com\/index.php?rest_route=%2Fwp%2Fv2%2Fmedia&parent=115"}],"curies":[{"name":"wp","href":"https:\/\/api.w.org\/{rel}","templated":true}]}}