{"id":144,"date":"2025-03-05T14:14:15","date_gmt":"2025-03-05T14:14:15","guid":{"rendered":"http:\/\/erasmusera.com\/?page_id=144"},"modified":"2025-03-05T14:14:15","modified_gmt":"2025-03-05T14:14:15","slug":"virtualios-realybes-mindfulness-meno-terapijos-platforma","status":"publish","type":"page","link":"https:\/\/erasmusera.com\/?page_id=144&lang=lt","title":{"rendered":"Virtualios realyb\u0117s Mindfulness meno terapijos platforma"},"content":{"rendered":"\n<p class=\"has-text-align-center\">\u0160iame darbo etape daugiausia d\u0117mesio skiriama virtualios realyb\u0117s meno terapijos platformos (VR) moduli\u0173 k\u016brimui. Konkret\u016bs WP2 tikslai skirti prisid\u0117ti prie bendr\u0173j\u0173 projekto tiksl\u0173, palengvinant novatori\u0161k\u0173 ir veiksming\u0173 moduli\u0173, atitinkan\u010di\u0173 pagyvenusi\u0173 asmen\u0173 kaimo vietov\u0117se poreikius, k\u016brim\u0105.<\/p>\n\n\n\n<p class=\"has-text-align-center has-2-xl-font-size\"><strong>Tikslai<\/strong><\/p>\n\n\n\n<ol class=\"wp-block-list\">\n<li>Sukurti specialiai pritaikytus meno terapijos modulius<\/li>\n\n\n\n<li>Integruoti VR technologij\u0105 su meno terapijos metodais<\/li>\n\n\n\n<li>U\u017etikrinti prieinamum\u0105 ir patogum\u0105<\/li>\n\n\n\n<li>\u012egyvendinti \u012frodymais pagr\u012fst\u0105 praktik\u0105<\/li>\n\n\n\n<li>Skatinti bendradarbiavim\u0105 ir suinteresuot\u0173j\u0173 \u0161ali\u0173 \u012ftraukim\u0105<\/li>\n<\/ol>\n\n\n\n<p class=\"has-text-align-center has-2-xl-font-size\"><strong>Pagrindiniai rezultatai<\/strong><\/p>\n\n\n\n<p><strong>1.<\/strong> <strong>Pritaikyti dail\u0117s terapijos moduliai:<\/strong><\/p>\n\n\n\n<ol class=\"wp-block-list\"><\/ol>\n\n\n\n<p>Meno terapijos moduli\u0173, skirt\u0173 specialiai virtualios realyb\u0117s meno terapijos platformai, k\u016brimas, siekiant toki\u0173 terapini\u0173 tiksl\u0173 kaip emocin\u0117 i\u0161rai\u0161ka, kognityvin\u0117 stimuliacija ir socialin\u0117 s\u0105veika.<\/p>\n\n\n\n<p><strong>2. VR technologijos integravimas su meno terapijos metodais:<\/strong><\/p>\n\n\n\n<p>S\u0117kmingas virtualiosios realyb\u0117s technologijos sujungimas su tradiciniais meno terapijos metodais, siekiant sustiprinti terapin\u0119 patirt\u012f, panaudojant VR panardinimo galimybes.<\/p>\n\n\n\n<p><strong>3. Prieinamumas ir patogumas:<\/strong><\/p>\n\n\n\n<p>Sukurt\u0173 moduli\u0173 prieinamumo ir patogumo kaimo vietov\u0117se gyvenantiems pagyvenusiems asmenims u\u017etikrinimas: intuityvios s\u0105sajos ir ai\u0161kios instrukcijos, pritaikytos prie skirtingo technologinio i\u0161prusimo lygio.<\/p>\n\n\n\n<p><strong>4. \u012erodymais pagr\u012fstos praktikos \u012fgyvendinimas:<\/strong><\/p>\n\n\n\n<p>\u012erodymu pagr\u012fstos praktikos ir terapijos princip\u0173 \u012ftraukimas \u012f moduli\u0173 k\u016brim\u0105, intervencijas grind\u017eiant nustatytais mokslini\u0173 tyrim\u0173 rezultatais ir klinikin\u0117mis gair\u0117mis.<\/p>\n\n\n\n<p><strong>5. Suinteresuot\u0173j\u0173 \u0161ali\u0173 \u012ftraukimas:<\/strong><\/p>\n\n\n\n<p>Aktyvus suinteresuot\u0173j\u0173 \u0161ali\u0173 dalyvavimas viso proceso metu, siekiant surinkti gr\u012f\u017etam\u0105j\u012f ry\u0161\u012f, \u012ftraukti \u012fvairias perspektyvas ir u\u017etikrinti tinkamum\u0105 bei veiksmingum\u0105, skatinant bendradarbiavim\u0105 su meno terapeutais, sveikatos prie\u017ei\u016bros specialistais ir galutiniais vartotojais.<\/p>\n\n\n\n<p><\/p>\n","protected":false},"excerpt":{"rendered":"<p>\u0160iame darbo etape daugiausia d\u0117mesio skiriama virtualios realyb\u0117s meno terapijos platformos (VR) moduli\u0173 k\u016brimui. Konkret\u016bs WP2 tikslai skirti prisid\u0117ti prie [&hellip;]<\/p>\n","protected":false},"author":2,"featured_media":0,"parent":0,"menu_order":0,"comment_status":"closed","ping_status":"closed","template":"","meta":{"site-sidebar-layout":"default","site-content-layout":"","ast-site-content-layout":"","site-content-style":"default","site-sidebar-style":"default","ast-global-header-display":"","ast-banner-title-visibility":"","ast-main-header-display":"","ast-hfb-above-header-display":"","ast-hfb-below-header-display":"","ast-hfb-mobile-header-display":"","site-post-title":"","ast-breadcrumbs-content":"","ast-featured-img":"","footer-sml-layout":"","theme-transparent-header-meta":"","adv-header-id-meta":"","stick-header-meta":"","header-above-stick-meta":"","header-main-stick-meta":"","header-below-stick-meta":"","astra-migrate-meta-layouts":"default","ast-page-background-enabled":"default","ast-page-background-meta":{"desktop":{"background-color":"var(--ast-global-color-5)","background-image":"","background-repeat":"repeat","background-position":"center center","background-size":"auto","background-attachment":"scroll","background-type":"","background-media":"","overlay-type":"","overlay-color":"","overlay-opacity":"","overlay-gradient":""},"tablet":{"background-color":"","background-image":"","background-repeat":"repeat","background-position":"center center","background-size":"auto","background-attachment":"scroll","background-type":"","background-media":"","overlay-type":"","overlay-color":"","overlay-opacity":"","overlay-gradient":""},"mobile":{"background-color":"","background-image":"","background-repeat":"repeat","background-position":"center center","background-size":"auto","background-attachment":"scroll","background-type":"","background-media":"","overlay-type":"","overlay-color":"","overlay-opacity":"","overlay-gradient":""}},"ast-content-background-meta":{"desktop":{"background-color":"var(--ast-global-color-4)","background-image":"","background-repeat":"repeat","background-position":"center center","background-size":"auto","background-attachment":"scroll","background-type":"","background-media":"","overlay-type":"","overlay-color":"","overlay-opacity":"","overlay-gradient":""},"tablet":{"background-color":"var(--ast-global-color-4)","background-image":"","background-repeat":"repeat","background-position":"center center","background-size":"auto","background-attachment":"scroll","background-type":"","background-media":"","overlay-type":"","overlay-color":"","overlay-opacity":"","overlay-gradient":""},"mobile":{"background-color":"var(--ast-global-color-4)","background-image":"","background-repeat":"repeat","background-position":"center center","background-size":"auto","background-attachment":"scroll","background-type":"","background-media":"","overlay-type":"","overlay-color":"","overlay-opacity":"","overlay-gradient":""}},"footnotes":""},"class_list":["post-144","page","type-page","status-publish","hentry"],"jetpack_sharing_enabled":true,"_links":{"self":[{"href":"https:\/\/erasmusera.com\/index.php?rest_route=\/wp\/v2\/pages\/144","targetHints":{"allow":["GET"]}}],"collection":[{"href":"https:\/\/erasmusera.com\/index.php?rest_route=\/wp\/v2\/pages"}],"about":[{"href":"https:\/\/erasmusera.com\/index.php?rest_route=\/wp\/v2\/types\/page"}],"author":[{"embeddable":true,"href":"https:\/\/erasmusera.com\/index.php?rest_route=\/wp\/v2\/users\/2"}],"replies":[{"embeddable":true,"href":"https:\/\/erasmusera.com\/index.php?rest_route=%2Fwp%2Fv2%2Fcomments&post=144"}],"version-history":[{"count":1,"href":"https:\/\/erasmusera.com\/index.php?rest_route=\/wp\/v2\/pages\/144\/revisions"}],"predecessor-version":[{"id":146,"href":"https:\/\/erasmusera.com\/index.php?rest_route=\/wp\/v2\/pages\/144\/revisions\/146"}],"wp:attachment":[{"href":"https:\/\/erasmusera.com\/index.php?rest_route=%2Fwp%2Fv2%2Fmedia&parent=144"}],"curies":[{"name":"wp","href":"https:\/\/api.w.org\/{rel}","templated":true}]}}