{"id":150,"date":"2025-03-05T14:32:35","date_gmt":"2025-03-05T14:32:35","guid":{"rendered":"http:\/\/erasmusera.com\/?page_id=150"},"modified":"2026-02-11T10:57:59","modified_gmt":"2026-02-11T10:57:59","slug":"eko-sanat-terapi-arac-seti","status":"publish","type":"page","link":"https:\/\/erasmusera.com\/?page_id=150&lang=tr","title":{"rendered":"Eko-Sanat Terapi Ara\u00e7 Seti"},"content":{"rendered":"\n<p class=\"has-text-align-center\">Bu \u00e7al\u0131\u015fma paketi, k\u0131rsal kesimdeki ya\u015fl\u0131lar aras\u0131nda yarat\u0131c\u0131 ifadeyi, duygusal refah\u0131 ve \u00e7evre bilincini geli\u015ftirmek amac\u0131yla sanat terapisini \u00e7evre e\u011fitimiyle birle\u015ftiren kapsaml\u0131 bir ara\u00e7 tak\u0131m\u0131 olu\u015fturacakt\u0131r.<\/p>\n\n\n\n<p class=\"has-text-align-center has-2-xl-font-size\"><strong>Ama\u00e7lar<\/strong><\/p>\n\n\n\n<ol class=\"wp-block-list\">\n<li>Eko-Sanat Terapi Ara\u00e7 Setini Geli\u015ftirin<\/li>\n\n\n\n<li>Ara\u00e7 Setini K\u0131rsal Alanlara G\u00f6re Uyarlay\u0131n<\/li>\n\n\n\n<li>Do\u011fa Kat\u0131l\u0131m\u0131n\u0131 Te\u015fvik Edin<\/li>\n\n\n\n<li>Topluluk Entegrasyonunu Kolayla\u015ft\u0131r\u0131n<\/li>\n\n\n\n<li>Etki ve Etkinli\u011fi \u00d6l\u00e7\u00fcn<\/li>\n<\/ol>\n\n\n\n<p class=\"has-text-align-center has-2-xl-font-size\"><strong>Ana sonu\u00e7lar<\/strong><\/p>\n\n\n\n<p><strong>1. Eko-Sanat Terapi Ara\u00e7 Seti:<\/strong><\/p>\n\n\n\n<p>K\u0131rsal ortamlara \u00f6zel olarak tasarlanm\u0131\u015f, sanat terapisini \u00e7evre e\u011fitimiyle birle\u015ftiren kapsaml\u0131 bir ara\u00e7 setinin geli\u015ftirilmesi, \u00e7e\u015fitli kaynaklar, egzersizler ve aktiviteler sa\u011flanmas\u0131.<\/p>\n\n\n\n<p><strong>2. \u00d6zelle\u015ftirilmi\u015f \u0130\u00e7erik:<\/strong><\/p>\n\n\n\n<p>Ara\u00e7 seti i\u00e7eri\u011finin, dilinin ve sunum y\u00f6ntemlerinin k\u0131rsal topluluklar\u0131n benzersiz ihtiya\u00e7lar\u0131na ve ba\u011flamlar\u0131na uyacak \u015fekilde uyarlanmas\u0131, eri\u015filebilirlik, alaka ve etkinli\u011fin sa\u011flanmas\u0131.<\/p>\n\n\n\n<p><strong>3. Artan Do\u011fa Kat\u0131l\u0131m\u0131:<\/strong><\/p>\n\n\n\n<p>Sanatsal ifade ve deneyimsel \u00f6\u011frenme yoluyla do\u011fayla aktif kat\u0131l\u0131m\u0131n te\u015fvik edilmesi, \u00e7evreyle daha derin ba\u011flant\u0131lar kurulmas\u0131 ve s\u00fcrd\u00fcr\u00fclebilir davran\u0131\u015flar\u0131n te\u015fvik edilmesi.<\/p>\n\n\n\n<p><strong>4. Geli\u015fmi\u015f Topluluk Entegrasyonu:<\/strong><\/p>\n\n\n\n<p>Yerel payda\u015flar\u0131, g\u00f6n\u00fcll\u00fcleri ve sanat\u00e7\u0131lar\u0131 ara\u00e7 seti geli\u015ftirme ve yayma s\u00fcrecine dahil ederek topluluk entegrasyonunun ve kat\u0131l\u0131m\u0131n\u0131n kolayla\u015ft\u0131r\u0131lmas\u0131, kat\u0131l\u0131mc\u0131lar aras\u0131nda bir sahiplenme ve g\u00fc\u00e7lendirme duygusunun te\u015fvik edilmesi.<\/p>\n\n\n\n<p><strong>5. Etki De\u011ferlendirmesi:<\/strong><\/p>\n\n\n\n<p>Ara\u00e7 setinin etkisinin ve etkinli\u011finin titiz izleme ve de\u011ferlendirme yoluyla de\u011ferlendirilmesi, m\u00fcdahale \u00f6ncesi ve sonras\u0131 de\u011ferlendirmeler dahil olmak \u00fczere refah, \u00e7evresel tutumlar ve sanatsal ve ekolojik faaliyetlere kat\u0131l\u0131mdaki de\u011fi\u015fiklikleri \u00f6l\u00e7mek, kan\u0131ta dayal\u0131 uygulamaya katk\u0131da bulunmak.<\/p>\n\n\n\n<p class=\"has-text-align-center\"><strong>Eko-Sanat Terapisi Ara\u00e7 Seti<\/strong><\/p>\n\n\n<a href=\"https:\/\/erasmusera.com\/wp-content\/uploads\/2026\/02\/TR-Eco-Art-Therapy-Toolkit.pdf\" class=\"pdfemb-viewer\" style=\"\" data-width=\"max\" data-height=\"max\" data-toolbar=\"bottom\" data-toolbar-fixed=\"off\">TR-Eco-Art-Therapy-Toolkit<\/a>","protected":false},"excerpt":{"rendered":"<p>Bu \u00e7al\u0131\u015fma paketi, k\u0131rsal kesimdeki ya\u015fl\u0131lar aras\u0131nda yarat\u0131c\u0131 ifadeyi, duygusal refah\u0131 ve \u00e7evre bilincini geli\u015ftirmek amac\u0131yla sanat terapisini \u00e7evre e\u011fitimiyle [&hellip;]<\/p>\n","protected":false},"author":2,"featured_media":0,"parent":0,"menu_order":0,"comment_status":"closed","ping_status":"closed","template":"","meta":{"site-sidebar-layout":"default","site-content-layout":"","ast-site-content-layout":"","site-content-style":"default","site-sidebar-style":"default","ast-global-header-display":"","ast-banner-title-visibility":"","ast-main-header-display":"","ast-hfb-above-header-display":"","ast-hfb-below-header-display":"","ast-hfb-mobile-header-display":"","site-post-title":"","ast-breadcrumbs-content":"","ast-featured-img":"","footer-sml-layout":"","theme-transparent-header-meta":"","adv-header-id-meta":"","stick-header-meta":"","header-above-stick-meta":"","header-main-stick-meta":"","header-below-stick-meta":"","astra-migrate-meta-layouts":"default","ast-page-background-enabled":"default","ast-page-background-meta":{"desktop":{"background-color":"var(--ast-global-color-5)","background-image":"","background-repeat":"repeat","background-position":"center center","background-size":"auto","background-attachment":"scroll","background-type":"","background-media":"","overlay-type":"","overlay-color":"","overlay-opacity":"","overlay-gradient":""},"tablet":{"background-color":"","background-image":"","background-repeat":"repeat","background-position":"center center","background-size":"auto","background-attachment":"scroll","background-type":"","background-media":"","overlay-type":"","overlay-color":"","overlay-opacity":"","overlay-gradient":""},"mobile":{"background-color":"","background-image":"","background-repeat":"repeat","background-position":"center center","background-size":"auto","background-attachment":"scroll","background-type":"","background-media":"","overlay-type":"","overlay-color":"","overlay-opacity":"","overlay-gradient":""}},"ast-content-background-meta":{"desktop":{"background-color":"var(--ast-global-color-4)","background-image":"","background-repeat":"repeat","background-position":"center center","background-size":"auto","background-attachment":"scroll","background-type":"","background-media":"","overlay-type":"","overlay-color":"","overlay-opacity":"","overlay-gradient":""},"tablet":{"background-color":"var(--ast-global-color-4)","background-image":"","background-repeat":"repeat","background-position":"center center","background-size":"auto","background-attachment":"scroll","background-type":"","background-media":"","overlay-type":"","overlay-color":"","overlay-opacity":"","overlay-gradient":""},"mobile":{"background-color":"var(--ast-global-color-4)","background-image":"","background-repeat":"repeat","background-position":"center center","background-size":"auto","background-attachment":"scroll","background-type":"","background-media":"","overlay-type":"","overlay-color":"","overlay-opacity":"","overlay-gradient":""}},"footnotes":""},"class_list":["post-150","page","type-page","status-publish","hentry"],"jetpack_sharing_enabled":true,"_links":{"self":[{"href":"https:\/\/erasmusera.com\/index.php?rest_route=\/wp\/v2\/pages\/150","targetHints":{"allow":["GET"]}}],"collection":[{"href":"https:\/\/erasmusera.com\/index.php?rest_route=\/wp\/v2\/pages"}],"about":[{"href":"https:\/\/erasmusera.com\/index.php?rest_route=\/wp\/v2\/types\/page"}],"author":[{"embeddable":true,"href":"https:\/\/erasmusera.com\/index.php?rest_route=\/wp\/v2\/users\/2"}],"replies":[{"embeddable":true,"href":"https:\/\/erasmusera.com\/index.php?rest_route=%2Fwp%2Fv2%2Fcomments&post=150"}],"version-history":[{"count":2,"href":"https:\/\/erasmusera.com\/index.php?rest_route=\/wp\/v2\/pages\/150\/revisions"}],"predecessor-version":[{"id":347,"href":"https:\/\/erasmusera.com\/index.php?rest_route=\/wp\/v2\/pages\/150\/revisions\/347"}],"wp:attachment":[{"href":"https:\/\/erasmusera.com\/index.php?rest_route=%2Fwp%2Fv2%2Fmedia&parent=150"}],"curies":[{"name":"wp","href":"https:\/\/api.w.org\/{rel}","templated":true}]}}