{"id":153,"date":"2025-03-05T14:36:21","date_gmt":"2025-03-05T14:36:21","guid":{"rendered":"http:\/\/erasmusera.com\/?page_id=153"},"modified":"2026-02-11T10:55:15","modified_gmt":"2026-02-11T10:55:15","slug":"ekologisko-meno-terapijos-priemoniu-rinkinys","status":"publish","type":"page","link":"https:\/\/erasmusera.com\/?page_id=153&lang=lt","title":{"rendered":"Ekologi\u0161ko meno terapijos priemoni\u0173 rinkinys"},"content":{"rendered":"\n<p class=\"has-text-align-center\">Pagal \u0161\u012f darbo plan\u0105 bus sukurtas i\u0161samus priemoni\u0173 rinkinys, kuriame meno terapija bus sujungta su aplinkosauginiu \u0161vietimu, siekiant pagerinti kaimo vyresnio am\u017eiaus \u017emoni\u0173 k\u016brybin\u0119 rai\u0161k\u0105, emocin\u0119 gerov\u0119 ir aplinkosaugin\u012f s\u0105moningum\u0105.<\/p>\n\n\n\n<p class=\"has-text-align-center has-2-xl-font-size\"><strong>Tikslai<\/strong><\/p>\n\n\n\n<ol class=\"wp-block-list\">\n<li>Sukurti ekologinio meno terapijos priemoni\u0173 rinkin\u012f<\/li>\n\n\n\n<li>Pritaikyti priemoni\u0173 rinkin\u012f kaimo vietov\u0117ms<\/li>\n\n\n\n<li>Skatinti \u012fsitraukim\u0105 \u012f gamt\u0105<\/li>\n\n\n\n<li>Palengvinti bendruomen\u0117s integracij\u0105<\/li>\n\n\n\n<li>Poveikio ir veiksmingumo vertinimas<\/li>\n<\/ol>\n\n\n\n<p class=\"has-text-align-center has-2-xl-font-size\"><strong>Pagrindiniai rezultatai<\/strong><\/p>\n\n\n\n<p><strong>1. Ekologi\u0161ko meno terapijos priemoni\u0173 rinkinys:<\/strong><\/p>\n\n\n\n<p>Sukurti i\u0161sam\u0173 priemoni\u0173 rinkin\u012f, sujungiant\u012f dail\u0117s terapij\u0105 ir aplinkosaugin\u012f \u0161vietim\u0105, pritaikyt\u0105 kaimo vietov\u0117ms, kuriame b\u016bt\u0173 pateikta \u012fvairi\u0173 i\u0161tekli\u0173, pratim\u0173 ir veiklos.<\/p>\n\n\n\n<p><strong>2. Pritaikytas turinys:<\/strong><\/p>\n\n\n\n<p>Priemoni\u0173 rinkinio turinio, kalbos ir pateikimo metod\u0173 pritaikymas prie unikali\u0173 kaimo bendruomeni\u0173 poreiki\u0173 ir konteksto, u\u017etikrinant prieinamum\u0105, aktualum\u0105 ir veiksmingum\u0105.<\/p>\n\n\n\n<p><strong>3. Didesnis \u012fsitraukimas \u012f gamt\u0105:<\/strong><\/p>\n\n\n\n<p>Aktyvaus \u012fsitraukimo \u012f gamt\u0105 skatinimas per menin\u0119 i\u0161rai\u0161k\u0105 ir patirtin\u012f mokym\u0105si, puosel\u0117jant gilesnius ry\u0161ius su aplinka ir skatinant tvari\u0105 elgsen\u0105.<\/p>\n\n\n\n<p><strong>4. Didesn\u0117 bendruomen\u0117s integracija:<\/strong><\/p>\n\n\n\n<p>Bendruomen\u0117s integracijos ir dalyvavimo skatinimas \u012ftraukiant vietos suinteresuotuosius subjektus, savanorius ir menininkus \u012f priemoni\u0173 rinkinio k\u016brim\u0105 ir sklaid\u0105, skatinant dalyvi\u0173 atsakomyb\u0117s ir \u012fgalinimo jausm\u0105.<\/p>\n\n\n\n<p><strong>5. Poveikio vertinimas:<\/strong><\/p>\n\n\n\n<p>Priemoni\u0173 rinkinio poveikio ir veiksmingumo \u012fvertinimas taikant grie\u017et\u0105 steb\u0117sen\u0105 ir vertinim\u0105, \u012fskaitant vertinimus prie\u0161 ir po intervencijos, siekiant nustatyti gerov\u0117s, aplinkosauginio po\u017ei\u016brio ir \u012fsitraukimo \u012f menin\u0119 ir ekologin\u0119 veikl\u0105 poky\u010dius, taip prisidedant prie \u012frodymais pagr\u012fstos praktikos.<\/p>\n\n\n\n<div class=\"wp-block-columns is-layout-flex wp-container-core-columns-is-layout-28f84493 wp-block-columns-is-layout-flex\">\n<div class=\"wp-block-column is-layout-flow wp-block-column-is-layout-flow\">\n<p><strong>Eko-meno terapijos \u012franki\u0173 rinkinys<\/strong><\/p>\n\n\n<a href=\"https:\/\/erasmusera.com\/wp-content\/uploads\/2026\/02\/LT_Eco-Art-Therapy-Toolkit.pdf\" class=\"pdfemb-viewer\" style=\"\" data-width=\"max\" data-height=\"max\" data-toolbar=\"bottom\" data-toolbar-fixed=\"off\">LT_Eco-Art-Therapy-Toolkit<\/a><\/div>\n<\/div>\n","protected":false},"excerpt":{"rendered":"<p>Pagal \u0161\u012f darbo plan\u0105 bus sukurtas i\u0161samus priemoni\u0173 rinkinys, kuriame meno terapija bus sujungta su aplinkosauginiu \u0161vietimu, siekiant pagerinti kaimo [&hellip;]<\/p>\n","protected":false},"author":2,"featured_media":0,"parent":0,"menu_order":0,"comment_status":"closed","ping_status":"closed","template":"","meta":{"site-sidebar-layout":"default","site-content-layout":"","ast-site-content-layout":"","site-content-style":"default","site-sidebar-style":"default","ast-global-header-display":"","ast-banner-title-visibility":"","ast-main-header-display":"","ast-hfb-above-header-display":"","ast-hfb-below-header-display":"","ast-hfb-mobile-header-display":"","site-post-title":"","ast-breadcrumbs-content":"","ast-featured-img":"","footer-sml-layout":"","theme-transparent-header-meta":"","adv-header-id-meta":"","stick-header-meta":"","header-above-stick-meta":"","header-main-stick-meta":"","header-below-stick-meta":"","astra-migrate-meta-layouts":"default","ast-page-background-enabled":"default","ast-page-background-meta":{"desktop":{"background-color":"var(--ast-global-color-5)","background-image":"","background-repeat":"repeat","background-position":"center center","background-size":"auto","background-attachment":"scroll","background-type":"","background-media":"","overlay-type":"","overlay-color":"","overlay-opacity":"","overlay-gradient":""},"tablet":{"background-color":"","background-image":"","background-repeat":"repeat","background-position":"center center","background-size":"auto","background-attachment":"scroll","background-type":"","background-media":"","overlay-type":"","overlay-color":"","overlay-opacity":"","overlay-gradient":""},"mobile":{"background-color":"","background-image":"","background-repeat":"repeat","background-position":"center center","background-size":"auto","background-attachment":"scroll","background-type":"","background-media":"","overlay-type":"","overlay-color":"","overlay-opacity":"","overlay-gradient":""}},"ast-content-background-meta":{"desktop":{"background-color":"var(--ast-global-color-4)","background-image":"","background-repeat":"repeat","background-position":"center center","background-size":"auto","background-attachment":"scroll","background-type":"","background-media":"","overlay-type":"","overlay-color":"","overlay-opacity":"","overlay-gradient":""},"tablet":{"background-color":"var(--ast-global-color-4)","background-image":"","background-repeat":"repeat","background-position":"center center","background-size":"auto","background-attachment":"scroll","background-type":"","background-media":"","overlay-type":"","overlay-color":"","overlay-opacity":"","overlay-gradient":""},"mobile":{"background-color":"var(--ast-global-color-4)","background-image":"","background-repeat":"repeat","background-position":"center center","background-size":"auto","background-attachment":"scroll","background-type":"","background-media":"","overlay-type":"","overlay-color":"","overlay-opacity":"","overlay-gradient":""}},"footnotes":""},"class_list":["post-153","page","type-page","status-publish","hentry"],"jetpack_sharing_enabled":true,"_links":{"self":[{"href":"https:\/\/erasmusera.com\/index.php?rest_route=\/wp\/v2\/pages\/153","targetHints":{"allow":["GET"]}}],"collection":[{"href":"https:\/\/erasmusera.com\/index.php?rest_route=\/wp\/v2\/pages"}],"about":[{"href":"https:\/\/erasmusera.com\/index.php?rest_route=\/wp\/v2\/types\/page"}],"author":[{"embeddable":true,"href":"https:\/\/erasmusera.com\/index.php?rest_route=\/wp\/v2\/users\/2"}],"replies":[{"embeddable":true,"href":"https:\/\/erasmusera.com\/index.php?rest_route=%2Fwp%2Fv2%2Fcomments&post=153"}],"version-history":[{"count":2,"href":"https:\/\/erasmusera.com\/index.php?rest_route=\/wp\/v2\/pages\/153\/revisions"}],"predecessor-version":[{"id":345,"href":"https:\/\/erasmusera.com\/index.php?rest_route=\/wp\/v2\/pages\/153\/revisions\/345"}],"wp:attachment":[{"href":"https:\/\/erasmusera.com\/index.php?rest_route=%2Fwp%2Fv2%2Fmedia&parent=153"}],"curies":[{"name":"wp","href":"https:\/\/api.w.org\/{rel}","templated":true}]}}