{"id":178,"date":"2025-03-06T08:09:05","date_gmt":"2025-03-06T08:09:05","guid":{"rendered":"http:\/\/erasmusera.com\/?page_id=178"},"modified":"2025-03-06T08:09:05","modified_gmt":"2025-03-06T08:09:05","slug":"mobilioji-meno-terapijos-istaiga","status":"publish","type":"page","link":"https:\/\/erasmusera.com\/?page_id=178&lang=lt","title":{"rendered":"Mobilioji meno terapijos \u012fstaiga"},"content":{"rendered":"\n<p>Darbo plano tikslas &#8211; suprojektuoti ir \u012fsteigti mobili\u0105 \u012fstaig\u0105, apr\u016bpint\u0105 meno terapijos priemon\u0117mis, kuri teikt\u0173 terapines paslaugas pagyvenusiems asmenims kaimo vietov\u0117se. Tai apima transporto priemon\u0117s arba priekabos su reikalinga \u012franga, skirtos meno terapijos u\u017esi\u0117mimams atokiose vietov\u0117se, \u012frengim\u0105.<\/p>\n\n\n\n<hr class=\"wp-block-separator has-alpha-channel-opacity\"\/>\n\n\n\n<h2 class=\"wp-block-heading has-text-align-center\">Tikslai<\/h2>\n\n\n\n<ol class=\"wp-block-list\">\n<li>Sukurti mobili\u0105 dail\u0117s terapijos \u012fstaig\u0105 (ATC)<\/li>\n\n\n\n<li>I\u0161pl\u0117sti dail\u0117s terapijos paslaug\u0173 prieinamum\u0105<\/li>\n\n\n\n<li>Teikti dail\u0117s terapijos u\u017esi\u0117mimus vietoje<\/li>\n\n\n\n<li>Skatinti bendruomen\u0117s \u012fsitraukim\u0105<\/li>\n\n\n\n<li>Poveikio ir veiksmingumo vertinimas<\/li>\n<\/ol>\n\n\n\n<hr class=\"wp-block-separator has-alpha-channel-opacity\"\/>\n\n\n\n<h2 class=\"wp-block-heading has-text-align-center\">Pagrindiniai rezultatai<\/h2>\n\n\n\n<p><strong>1. Visi\u0161kai \u012frengtos mobilios meno terapijos \u012fstaigos \u012fk\u016brimas<\/strong><\/p>\n\n\n\n<p>Mobilios \u012fstaigos, apr\u016bpintos dail\u0117s terapijos priemon\u0117mis ir \u012franga, parengtos teikti terapijos paslaugas tiesiogiai pagyvenusiems asmenims kaimo vietov\u0117se, \u012fk\u016brimas ir veikla.<\/p>\n\n\n\n<p><strong>2. Didesnis meno terapijos paslaug\u0173 prieinamumas<\/strong><\/p>\n\n\n\n<p>Meno terapijos paslaug\u0173 prieinamumas kaimo bendruomen\u0117se gyvenantiems pagyvenusiems asmenims, \u012fveikiant tokias kli\u016btis kaip ribotas judrumas ir netoliese esan\u010di\u0173 \u012fstaig\u0173 tr\u016bkumas, nes meno terapijos paslaugos bus teikiamos tiesiai jiems \u012f namus.<\/p>\n\n\n\n<p><strong>3. Meno terapijos u\u017esi\u0117mim\u0173 teikimas vietoje<\/strong><\/p>\n\n\n\n<p>Meno terapijos u\u017esi\u0117mim\u0173, \u012fskaitant individuali\u0105 ar grupin\u0119 veikl\u0105, k\u016brybines dirbtuves ir i\u0161rai\u0161kos men\u0173 intervencijas, teikimas, skatinant dalyvi\u0173 emocin\u0119 gerov\u0119 ir socialin\u012f \u012fsitraukim\u0105.<\/p>\n\n\n\n<p><strong>4. Didesnis bendruomen\u0117s \u012fsitraukimas ir dalyvavimas<\/strong><\/p>\n\n\n\n<p>Bendradarbiavimas su vietos suinteresuotaisiais subjektais, bendruomen\u0117s organizacijomis ir savanoriais, siekiant skatinti bendruomen\u0117s dalyvavim\u0105 planuojant, skatinant ir teikiant dail\u0117s terapijos paslaugas, skatinant dalyvi\u0173 nuosavyb\u0117s jausm\u0105 ir \u012fgalinim\u0105.<\/p>\n\n\n\n<p><strong>5. Poveikio ir veiksmingumo vertinimas<\/strong><\/p>\n\n\n\n<p>grie\u017eti steb\u0117senos ir vertinimo mechanizmai, skirti \u012fvertinti dalyvi\u0173 gerov\u0117s, socialini\u0173 ry\u0161i\u0173 ir gyvenimo kokyb\u0117s poky\u010dius po dalyvavimo mobilioje klinikoje. Gr\u012f\u017etamojo ry\u0161io rinkimas, siekiant informuoti apie nuolatin\u012f tobulinim\u0105 ir optimizuoti paslaug\u0173 teikim\u0105.<\/p>\n","protected":false},"excerpt":{"rendered":"<p>Darbo plano tikslas &#8211; suprojektuoti ir \u012fsteigti mobili\u0105 \u012fstaig\u0105, apr\u016bpint\u0105 meno terapijos priemon\u0117mis, kuri teikt\u0173 terapines paslaugas pagyvenusiems asmenims kaimo [&hellip;]<\/p>\n","protected":false},"author":2,"featured_media":0,"parent":0,"menu_order":0,"comment_status":"closed","ping_status":"closed","template":"","meta":{"site-sidebar-layout":"default","site-content-layout":"","ast-site-content-layout":"","site-content-style":"default","site-sidebar-style":"default","ast-global-header-display":"","ast-banner-title-visibility":"","ast-main-header-display":"","ast-hfb-above-header-display":"","ast-hfb-below-header-display":"","ast-hfb-mobile-header-display":"","site-post-title":"","ast-breadcrumbs-content":"","ast-featured-img":"","footer-sml-layout":"","theme-transparent-header-meta":"","adv-header-id-meta":"","stick-header-meta":"","header-above-stick-meta":"","header-main-stick-meta":"","header-below-stick-meta":"","astra-migrate-meta-layouts":"default","ast-page-background-enabled":"default","ast-page-background-meta":{"desktop":{"background-color":"var(--ast-global-color-5)","background-image":"","background-repeat":"repeat","background-position":"center center","background-size":"auto","background-attachment":"scroll","background-type":"","background-media":"","overlay-type":"","overlay-color":"","overlay-opacity":"","overlay-gradient":""},"tablet":{"background-color":"","background-image":"","background-repeat":"repeat","background-position":"center center","background-size":"auto","background-attachment":"scroll","background-type":"","background-media":"","overlay-type":"","overlay-color":"","overlay-opacity":"","overlay-gradient":""},"mobile":{"background-color":"","background-image":"","background-repeat":"repeat","background-position":"center center","background-size":"auto","background-attachment":"scroll","background-type":"","background-media":"","overlay-type":"","overlay-color":"","overlay-opacity":"","overlay-gradient":""}},"ast-content-background-meta":{"desktop":{"background-color":"var(--ast-global-color-4)","background-image":"","background-repeat":"repeat","background-position":"center center","background-size":"auto","background-attachment":"scroll","background-type":"","background-media":"","overlay-type":"","overlay-color":"","overlay-opacity":"","overlay-gradient":""},"tablet":{"background-color":"var(--ast-global-color-4)","background-image":"","background-repeat":"repeat","background-position":"center center","background-size":"auto","background-attachment":"scroll","background-type":"","background-media":"","overlay-type":"","overlay-color":"","overlay-opacity":"","overlay-gradient":""},"mobile":{"background-color":"var(--ast-global-color-4)","background-image":"","background-repeat":"repeat","background-position":"center center","background-size":"auto","background-attachment":"scroll","background-type":"","background-media":"","overlay-type":"","overlay-color":"","overlay-opacity":"","overlay-gradient":""}},"footnotes":""},"class_list":["post-178","page","type-page","status-publish","hentry"],"jetpack_sharing_enabled":true,"_links":{"self":[{"href":"https:\/\/erasmusera.com\/index.php?rest_route=\/wp\/v2\/pages\/178","targetHints":{"allow":["GET"]}}],"collection":[{"href":"https:\/\/erasmusera.com\/index.php?rest_route=\/wp\/v2\/pages"}],"about":[{"href":"https:\/\/erasmusera.com\/index.php?rest_route=\/wp\/v2\/types\/page"}],"author":[{"embeddable":true,"href":"https:\/\/erasmusera.com\/index.php?rest_route=\/wp\/v2\/users\/2"}],"replies":[{"embeddable":true,"href":"https:\/\/erasmusera.com\/index.php?rest_route=%2Fwp%2Fv2%2Fcomments&post=178"}],"version-history":[{"count":1,"href":"https:\/\/erasmusera.com\/index.php?rest_route=\/wp\/v2\/pages\/178\/revisions"}],"predecessor-version":[{"id":180,"href":"https:\/\/erasmusera.com\/index.php?rest_route=\/wp\/v2\/pages\/178\/revisions\/180"}],"wp:attachment":[{"href":"https:\/\/erasmusera.com\/index.php?rest_route=%2Fwp%2Fv2%2Fmedia&parent=178"}],"curies":[{"name":"wp","href":"https:\/\/api.w.org\/{rel}","templated":true}]}}