{"id":259,"date":"2025-03-12T08:10:19","date_gmt":"2025-03-12T08:10:19","guid":{"rendered":"http:\/\/erasmusera.com\/?page_id=259"},"modified":"2026-01-30T07:17:57","modified_gmt":"2026-01-30T07:17:57","slug":"home","status":"publish","type":"page","link":"https:\/\/erasmusera.com\/?page_id=259&lang=en","title":{"rendered":"Home"},"content":{"rendered":"\n<p class=\"has-text-align-center\">The ERA pioneers a Mobile Art Therapy Clinic aimed at catering to the unique needs of elderly residents in remote regions. Through this initiative, the project endeavours to construct and equip the clinic, ensuring it&#8217;s accessible and equipped with the necessary resources. The project strives to empower rural seniors, nurturing their mental and emotional health<\/p>\n\n\n\n<p class=\"has-text-align-center\">The project starts in November 2024 and involves 5 organizations from 3 countries:<\/p>\n\n\n\n<div class=\"wp-block-columns is-layout-flex wp-container-core-columns-is-layout-28f84493 wp-block-columns-is-layout-flex\">\n<div class=\"wp-block-column is-layout-flow wp-block-column-is-layout-flow\">\n<p class=\"has-text-align-center\"><strong>T\u00dcRK\u0130YE<\/strong><\/p>\n\n\n\n<p class=\"has-text-align-center\">ANKARA HACI BAYRAM VELI UNIVERSITESI<\/p>\n\n\n\n<p class=\"has-text-align-center\">Gozde Rehabilitasyon ve Saglik Hizmetleri Tic. Ltd. Sti.<\/p>\n<\/div>\n\n\n\n<div class=\"wp-block-column is-layout-flow wp-block-column-is-layout-flow\">\n<p class=\"has-text-align-center\"><strong>BULGARIA<\/strong><\/p>\n\n\n\n<p class=\"has-text-align-center\">MC MEDICAL LOT<\/p>\n\n\n\n<p class=\"has-text-align-center\">State Psychiatric Hospital &#8220;St. Ivan Rilski&#8221;<\/p>\n<\/div>\n\n\n\n<div class=\"wp-block-column is-layout-flow wp-block-column-is-layout-flow\">\n<p class=\"has-text-align-center\"><strong>LITHUANIA<\/strong><\/p>\n\n\n\n<p class=\"has-text-align-center\">Vie\u0161oji \u012fstaiga &#8220;\u0160vietimo, tyrim\u0173 ir konsultacij\u0173 centras&#8221;<\/p>\n<\/div>\n<\/div>\n\n\n\n<p><\/p>\n","protected":false},"excerpt":{"rendered":"<p>The ERA pioneers a Mobile Art Therapy Clinic aimed at catering to the unique needs of elderly residents in remote [&hellip;]<\/p>\n","protected":false},"author":2,"featured_media":0,"parent":0,"menu_order":0,"comment_status":"closed","ping_status":"closed","template":"","meta":{"site-sidebar-layout":"default","site-content-layout":"","ast-site-content-layout":"","site-content-style":"default","site-sidebar-style":"default","ast-global-header-display":"","ast-banner-title-visibility":"","ast-main-header-display":"","ast-hfb-above-header-display":"","ast-hfb-below-header-display":"","ast-hfb-mobile-header-display":"","site-post-title":"disabled","ast-breadcrumbs-content":"","ast-featured-img":"","footer-sml-layout":"","theme-transparent-header-meta":"","adv-header-id-meta":"","stick-header-meta":"","header-above-stick-meta":"","header-main-stick-meta":"","header-below-stick-meta":"","astra-migrate-meta-layouts":"default","ast-page-background-enabled":"default","ast-page-background-meta":{"desktop":{"background-color":"var(--ast-global-color-5)","background-image":"","background-repeat":"repeat","background-position":"center center","background-size":"auto","background-attachment":"scroll","background-type":"","background-media":"","overlay-type":"","overlay-color":"","overlay-opacity":"","overlay-gradient":""},"tablet":{"background-color":"","background-image":"","background-repeat":"repeat","background-position":"center center","background-size":"auto","background-attachment":"scroll","background-type":"","background-media":"","overlay-type":"","overlay-color":"","overlay-opacity":"","overlay-gradient":""},"mobile":{"background-color":"","background-image":"","background-repeat":"repeat","background-position":"center center","background-size":"auto","background-attachment":"scroll","background-type":"","background-media":"","overlay-type":"","overlay-color":"","overlay-opacity":"","overlay-gradient":""}},"ast-content-background-meta":{"desktop":{"background-color":"var(--ast-global-color-4)","background-image":"","background-repeat":"repeat","background-position":"center center","background-size":"auto","background-attachment":"scroll","background-type":"","background-media":"","overlay-type":"","overlay-color":"","overlay-opacity":"","overlay-gradient":""},"tablet":{"background-color":"var(--ast-global-color-4)","background-image":"","background-repeat":"repeat","background-position":"center center","background-size":"auto","background-attachment":"scroll","background-type":"","background-media":"","overlay-type":"","overlay-color":"","overlay-opacity":"","overlay-gradient":""},"mobile":{"background-color":"var(--ast-global-color-4)","background-image":"","background-repeat":"repeat","background-position":"center center","background-size":"auto","background-attachment":"scroll","background-type":"","background-media":"","overlay-type":"","overlay-color":"","overlay-opacity":"","overlay-gradient":""}},"footnotes":""},"class_list":["post-259","page","type-page","status-publish","hentry"],"jetpack_sharing_enabled":true,"_links":{"self":[{"href":"https:\/\/erasmusera.com\/index.php?rest_route=\/wp\/v2\/pages\/259","targetHints":{"allow":["GET"]}}],"collection":[{"href":"https:\/\/erasmusera.com\/index.php?rest_route=\/wp\/v2\/pages"}],"about":[{"href":"https:\/\/erasmusera.com\/index.php?rest_route=\/wp\/v2\/types\/page"}],"author":[{"embeddable":true,"href":"https:\/\/erasmusera.com\/index.php?rest_route=\/wp\/v2\/users\/2"}],"replies":[{"embeddable":true,"href":"https:\/\/erasmusera.com\/index.php?rest_route=%2Fwp%2Fv2%2Fcomments&post=259"}],"version-history":[{"count":2,"href":"https:\/\/erasmusera.com\/index.php?rest_route=\/wp\/v2\/pages\/259\/revisions"}],"predecessor-version":[{"id":268,"href":"https:\/\/erasmusera.com\/index.php?rest_route=\/wp\/v2\/pages\/259\/revisions\/268"}],"wp:attachment":[{"href":"https:\/\/erasmusera.com\/index.php?rest_route=%2Fwp%2Fv2%2Fmedia&parent=259"}],"curies":[{"name":"wp","href":"https:\/\/api.w.org\/{rel}","templated":true}]}}