{"id":261,"date":"2025-03-12T08:27:26","date_gmt":"2025-03-12T08:27:26","guid":{"rendered":"http:\/\/erasmusera.com\/?page_id=261"},"modified":"2025-03-12T09:32:14","modified_gmt":"2025-03-12T09:32:14","slug":"%d0%bd%d0%b0%d1%87%d0%b0%d0%bb%d0%be","status":"publish","type":"page","link":"https:\/\/erasmusera.com\/?page_id=261&lang=bg","title":{"rendered":"\u041d\u0410\u0427\u0410\u041b\u041e"},"content":{"rendered":"\n<p class=\"has-text-align-center\">ERA \u043f\u0438\u043b\u043e\u0442\u0438\u0440\u0430 \u043c\u043e\u0431\u0438\u043b\u043d\u0430 \u0430\u0440\u0442-\u0442\u0435\u0440\u0430\u043f\u0435\u0432\u0442\u0438\u0447\u043d\u0430 \u043a\u043b\u0438\u043d\u0438\u043a\u0430, \u043d\u0430\u0441\u043e\u0447\u0435\u043d\u0430 \u043a\u044a\u043c \u0443\u043d\u0438\u043a\u0430\u043b\u043d\u0438\u0442\u0435 \u043d\u0443\u0436\u0434\u0438 \u043d\u0430 \u0432\u044a\u0437\u0440\u0430\u0441\u0442\u043d\u0438\u0442\u0435 \u0433\u0440\u0430\u0436\u0434\u0430\u043d\u0435 \u0432 \u043e\u0442\u0434\u0430\u043b\u0435\u0447\u0435\u043d\u0438 \u0440\u0435\u0433\u0438\u043e\u043d\u0438. \u0427\u0440\u0435\u0437 \u0442\u0430\u0437\u0438 \u0438\u043d\u0438\u0446\u0438\u0430\u0442\u0438\u0432\u0430 \u043f\u0440\u043e\u0435\u043a\u0442\u044a\u0442 \u0441\u0435 \u0441\u0442\u0440\u0435\u043c\u0438 \u0434\u0430 \u0438\u0437\u0433\u0440\u0430\u0434\u0438 \u0438 \u043e\u0431\u043e\u0440\u0443\u0434\u0432\u0430 \u043a\u043b\u0438\u043d\u0438\u043a\u0430\u0442\u0430, \u043a\u0430\u0442\u043e \u0433\u0430\u0440\u0430\u043d\u0442\u0438\u0440\u0430, \u0447\u0435 \u0435 \u0434\u043e\u0441\u0442\u044a\u043f\u043d\u0430 \u0438 \u043e\u0431\u043e\u0440\u0443\u0434\u0432\u0430\u043d\u0430 \u0441 \u043d\u0435\u043e\u0431\u0445\u043e\u0434\u0438\u043c\u0438\u0442\u0435 \u0440\u0435\u0441\u0443\u0440\u0441\u0438. \u041f\u0440\u043e\u0435\u043a\u0442\u044a\u0442 \u0441\u0435 \u0441\u0442\u0440\u0435\u043c\u0438 \u0434\u0430 \u043e\u0432\u043b\u0430\u0441\u0442\u0438 \u0432\u044a\u0437\u0440\u0430\u0441\u0442\u043d\u0438\u0442\u0435 \u0445\u043e\u0440\u0430 \u0432 \u0441\u0435\u043b\u0441\u043a\u0438\u0442\u0435 \u0440\u0430\u0439\u043e\u043d\u0438, \u043a\u0430\u0442\u043e \u0441\u0435 \u0433\u0440\u0438\u0436\u0438 \u0437\u0430 \u0442\u044f\u0445\u043d\u043e\u0442\u043e \u043f\u0441\u0438\u0445\u0438\u0447\u0435\u0441\u043a\u043e \u0438 \u0435\u043c\u043e\u0446\u0438\u043e\u043d\u0430\u043b\u043d\u043e \u0437\u0434\u0440\u0430\u0432\u0435.<\/p>\n\n\n\n<p class=\"has-text-align-center\">\u041f\u0440\u043e\u0435\u043a\u0442\u044a\u0442 \u0441\u0442\u0430\u0440\u0442\u0438\u0440\u0430 \u043f\u0440\u0435\u0437 \u043d\u043e\u0435\u043c\u0432\u0440\u0438 2024 \u0433. \u0438 \u0432\u043a\u043b\u044e\u0447\u0432\u0430 5 \u043e\u0440\u0433\u0430\u043d\u0438\u0437\u0430\u0446\u0438\u0438 \u043e\u0442 3 \u0434\u044a\u0440\u0436\u0430\u0432\u0438:<\/p>\n\n\n\n<div class=\"wp-block-columns is-layout-flex wp-container-core-columns-is-layout-28f84493 wp-block-columns-is-layout-flex\">\n<div class=\"wp-block-column is-layout-flow wp-block-column-is-layout-flow\">\n<p class=\"has-text-align-center\"><strong>\u0422\u0423\u0420\u0426\u0418\u042f<\/strong><\/p>\n\n\n\n<p class=\"has-text-align-center\">ANKARA HACI BAYRAM VEL\u0130 \u00dcN\u0130VERS\u0130TES\u0130<\/p>\n\n\n\n<p class=\"has-text-align-center\">Gozde Rehabilitasyon ve Saglik Hizmetleri Tic. Ltd. Sti.<\/p>\n<\/div>\n\n\n\n<div class=\"wp-block-column is-layout-flow wp-block-column-is-layout-flow\">\n<p class=\"has-text-align-center\"><strong>\u0411\u042a\u041b\u0413\u0410\u0420\u0418\u042f<\/strong><\/p>\n\n\n\n<p class=\"has-text-align-center\">\u041c\u0426 \u041c\u0415\u0414\u0418\u041a\u042a\u041b \u041b\u041e\u0422<\/p>\n\n\n\n<p class=\"has-text-align-center\">\u0414\u044a\u0440\u0436\u0430\u0432\u043d\u0430 \u043f\u0441\u0438\u0445\u0438\u0430\u0442\u0440\u0438\u0447\u043d\u0430 \u0431\u043e\u043b\u043d\u0438\u0446\u0430 &#8220;\u0421\u0432\u0435\u0442\u0438 \u0418\u0432\u0430\u043d \u0420\u0438\u043b\u0441\u043a\u0438&#8221;<\/p>\n<\/div>\n\n\n\n<div class=\"wp-block-column is-layout-flow wp-block-column-is-layout-flow\">\n<p class=\"has-text-align-center\"><strong>\u041b\u0418\u0422\u0412\u0410<\/strong><\/p>\n\n\n\n<p class=\"has-text-align-center\">Vie\u0161oji \u012fstaiga &#8220;\u0160vietimo, tyrim\u0173 ir konsultacij\u0173 centras&#8221;<\/p>\n<\/div>\n<\/div>\n\n\n\n<p><\/p>\n","protected":false},"excerpt":{"rendered":"<p>ERA \u043f\u0438\u043b\u043e\u0442\u0438\u0440\u0430 \u043c\u043e\u0431\u0438\u043b\u043d\u0430 \u0430\u0440\u0442-\u0442\u0435\u0440\u0430\u043f\u0435\u0432\u0442\u0438\u0447\u043d\u0430 \u043a\u043b\u0438\u043d\u0438\u043a\u0430, \u043d\u0430\u0441\u043e\u0447\u0435\u043d\u0430 \u043a\u044a\u043c \u0443\u043d\u0438\u043a\u0430\u043b\u043d\u0438\u0442\u0435 \u043d\u0443\u0436\u0434\u0438 \u043d\u0430 \u0432\u044a\u0437\u0440\u0430\u0441\u0442\u043d\u0438\u0442\u0435 \u0433\u0440\u0430\u0436\u0434\u0430\u043d\u0435 \u0432 \u043e\u0442\u0434\u0430\u043b\u0435\u0447\u0435\u043d\u0438 \u0440\u0435\u0433\u0438\u043e\u043d\u0438. \u0427\u0440\u0435\u0437 \u0442\u0430\u0437\u0438 \u0438\u043d\u0438\u0446\u0438\u0430\u0442\u0438\u0432\u0430 \u043f\u0440\u043e\u0435\u043a\u0442\u044a\u0442 \u0441\u0435 [&hellip;]<\/p>\n","protected":false},"author":2,"featured_media":0,"parent":0,"menu_order":0,"comment_status":"closed","ping_status":"closed","template":"","meta":{"site-sidebar-layout":"default","site-content-layout":"","ast-site-content-layout":"","site-content-style":"default","site-sidebar-style":"default","ast-global-header-display":"","ast-banner-title-visibility":"","ast-main-header-display":"","ast-hfb-above-header-display":"","ast-hfb-below-header-display":"","ast-hfb-mobile-header-display":"","site-post-title":"disabled","ast-breadcrumbs-content":"","ast-featured-img":"","footer-sml-layout":"","theme-transparent-header-meta":"","adv-header-id-meta":"","stick-header-meta":"","header-above-stick-meta":"","header-main-stick-meta":"","header-below-stick-meta":"","astra-migrate-meta-layouts":"default","ast-page-background-enabled":"default","ast-page-background-meta":{"desktop":{"background-color":"var(--ast-global-color-5)","background-image":"","background-repeat":"repeat","background-position":"center center","background-size":"auto","background-attachment":"scroll","background-type":"","background-media":"","overlay-type":"","overlay-color":"","overlay-opacity":"","overlay-gradient":""},"tablet":{"background-color":"","background-image":"","background-repeat":"repeat","background-position":"center center","background-size":"auto","background-attachment":"scroll","background-type":"","background-media":"","overlay-type":"","overlay-color":"","overlay-opacity":"","overlay-gradient":""},"mobile":{"background-color":"","background-image":"","background-repeat":"repeat","background-position":"center center","background-size":"auto","background-attachment":"scroll","background-type":"","background-media":"","overlay-type":"","overlay-color":"","overlay-opacity":"","overlay-gradient":""}},"ast-content-background-meta":{"desktop":{"background-color":"var(--ast-global-color-4)","background-image":"","background-repeat":"repeat","background-position":"center center","background-size":"auto","background-attachment":"scroll","background-type":"","background-media":"","overlay-type":"","overlay-color":"","overlay-opacity":"","overlay-gradient":""},"tablet":{"background-color":"var(--ast-global-color-4)","background-image":"","background-repeat":"repeat","background-position":"center center","background-size":"auto","background-attachment":"scroll","background-type":"","background-media":"","overlay-type":"","overlay-color":"","overlay-opacity":"","overlay-gradient":""},"mobile":{"background-color":"var(--ast-global-color-4)","background-image":"","background-repeat":"repeat","background-position":"center center","background-size":"auto","background-attachment":"scroll","background-type":"","background-media":"","overlay-type":"","overlay-color":"","overlay-opacity":"","overlay-gradient":""}},"footnotes":""},"class_list":["post-261","page","type-page","status-publish","hentry"],"jetpack_sharing_enabled":true,"_links":{"self":[{"href":"https:\/\/erasmusera.com\/index.php?rest_route=\/wp\/v2\/pages\/261","targetHints":{"allow":["GET"]}}],"collection":[{"href":"https:\/\/erasmusera.com\/index.php?rest_route=\/wp\/v2\/pages"}],"about":[{"href":"https:\/\/erasmusera.com\/index.php?rest_route=\/wp\/v2\/types\/page"}],"author":[{"embeddable":true,"href":"https:\/\/erasmusera.com\/index.php?rest_route=\/wp\/v2\/users\/2"}],"replies":[{"embeddable":true,"href":"https:\/\/erasmusera.com\/index.php?rest_route=%2Fwp%2Fv2%2Fcomments&post=261"}],"version-history":[{"count":4,"href":"https:\/\/erasmusera.com\/index.php?rest_route=\/wp\/v2\/pages\/261\/revisions"}],"predecessor-version":[{"id":279,"href":"https:\/\/erasmusera.com\/index.php?rest_route=\/wp\/v2\/pages\/261\/revisions\/279"}],"wp:attachment":[{"href":"https:\/\/erasmusera.com\/index.php?rest_route=%2Fwp%2Fv2%2Fmedia&parent=261"}],"curies":[{"name":"wp","href":"https:\/\/api.w.org\/{rel}","templated":true}]}}