{"id":264,"date":"2025-03-12T08:36:07","date_gmt":"2025-03-12T08:36:07","guid":{"rendered":"http:\/\/erasmusera.com\/?page_id=264"},"modified":"2025-03-12T09:32:25","modified_gmt":"2025-03-12T09:32:25","slug":"anasayfa","status":"publish","type":"page","link":"https:\/\/erasmusera.com\/?page_id=264&lang=tr","title":{"rendered":"ANASAYFA"},"content":{"rendered":"\n<p class=\"has-text-align-center\">ERA, uzak b\u00f6lgelerdeki ya\u015fl\u0131 sakinlerin benzersiz ihtiya\u00e7lar\u0131n\u0131 kar\u015f\u0131lamay\u0131 ama\u00e7layan bir Mobil ATC&#8217;ye \u00f6nc\u00fcl\u00fck ediyor. Bu giri\u015fim arac\u0131l\u0131\u011f\u0131yla proje, klini\u011fi in\u015fa etmeye ve donatmaya, eri\u015filebilir olmas\u0131n\u0131 ve gerekli kaynaklarla donat\u0131lmas\u0131n\u0131 sa\u011flamaya \u00e7al\u0131\u015f\u0131yor. Proje, k\u0131rsal ya\u015fl\u0131lar\u0131 g\u00fc\u00e7lendirmeye, zihinsel ve duygusal sa\u011fl\u0131klar\u0131n\u0131 beslemeye \u00e7al\u0131\u015f\u0131yor.<\/p>\n\n\n\n<p class=\"has-text-align-center\">Proje Kas\u0131m 2024&#8217;te ba\u015fl\u0131yor ve 3 \u00fclkeden \u00fclkesinden 5 kurulu\u015fu kaps\u0131yor:<\/p>\n\n\n\n<div class=\"wp-block-columns is-layout-flex wp-container-core-columns-is-layout-28f84493 wp-block-columns-is-layout-flex\">\n<div class=\"wp-block-column is-layout-flow wp-block-column-is-layout-flow\">\n<p class=\"has-text-align-center\"><strong>T\u00dcRK\u0130YE<\/strong><\/p>\n\n\n\n<p class=\"has-text-align-center\">ANKARA HACI BAYRAM VEL\u0130 \u00dcN\u0130VERS\u0130TES\u0130<\/p>\n\n\n\n<p class=\"has-text-align-center\">Gozde Rehabilitasyon ve Saglik Hizmetleri Tic. Ltd. Sti.<\/p>\n<\/div>\n\n\n\n<div class=\"wp-block-column is-layout-flow wp-block-column-is-layout-flow\">\n<p class=\"has-text-align-center\"><strong>BULGAR\u0130STAN<\/strong><\/p>\n\n\n\n<p class=\"has-text-align-center\">MC MEDICAL LOT<\/p>\n\n\n\n<p class=\"has-text-align-center\">State Psychiatric Hospital &#8220;St. Ivan Rilski&#8221;<\/p>\n<\/div>\n\n\n\n<div class=\"wp-block-column is-layout-flow wp-block-column-is-layout-flow\">\n<p class=\"has-text-align-center\"><strong>L\u0130TVANYA<\/strong><\/p>\n\n\n\n<p class=\"has-text-align-center\">Vie\u0161oji \u012fstaiga &#8220;\u0160vietimo, tyrim\u0173 ir konsultacij\u0173 centras&#8221;<\/p>\n<\/div>\n<\/div>\n","protected":false},"excerpt":{"rendered":"<p>ERA, uzak b\u00f6lgelerdeki ya\u015fl\u0131 sakinlerin benzersiz ihtiya\u00e7lar\u0131n\u0131 kar\u015f\u0131lamay\u0131 ama\u00e7layan bir Mobil ATC&#8217;ye \u00f6nc\u00fcl\u00fck ediyor. Bu giri\u015fim arac\u0131l\u0131\u011f\u0131yla proje, klini\u011fi in\u015fa [&hellip;]<\/p>\n","protected":false},"author":2,"featured_media":0,"parent":0,"menu_order":0,"comment_status":"closed","ping_status":"closed","template":"","meta":{"site-sidebar-layout":"default","site-content-layout":"","ast-site-content-layout":"","site-content-style":"default","site-sidebar-style":"default","ast-global-header-display":"","ast-banner-title-visibility":"","ast-main-header-display":"","ast-hfb-above-header-display":"","ast-hfb-below-header-display":"","ast-hfb-mobile-header-display":"","site-post-title":"disabled","ast-breadcrumbs-content":"","ast-featured-img":"","footer-sml-layout":"","theme-transparent-header-meta":"","adv-header-id-meta":"","stick-header-meta":"","header-above-stick-meta":"","header-main-stick-meta":"","header-below-stick-meta":"","astra-migrate-meta-layouts":"default","ast-page-background-enabled":"default","ast-page-background-meta":{"desktop":{"background-color":"var(--ast-global-color-5)","background-image":"","background-repeat":"repeat","background-position":"center center","background-size":"auto","background-attachment":"scroll","background-type":"","background-media":"","overlay-type":"","overlay-color":"","overlay-opacity":"","overlay-gradient":""},"tablet":{"background-color":"","background-image":"","background-repeat":"repeat","background-position":"center center","background-size":"auto","background-attachment":"scroll","background-type":"","background-media":"","overlay-type":"","overlay-color":"","overlay-opacity":"","overlay-gradient":""},"mobile":{"background-color":"","background-image":"","background-repeat":"repeat","background-position":"center center","background-size":"auto","background-attachment":"scroll","background-type":"","background-media":"","overlay-type":"","overlay-color":"","overlay-opacity":"","overlay-gradient":""}},"ast-content-background-meta":{"desktop":{"background-color":"var(--ast-global-color-4)","background-image":"","background-repeat":"repeat","background-position":"center center","background-size":"auto","background-attachment":"scroll","background-type":"","background-media":"","overlay-type":"","overlay-color":"","overlay-opacity":"","overlay-gradient":""},"tablet":{"background-color":"var(--ast-global-color-4)","background-image":"","background-repeat":"repeat","background-position":"center center","background-size":"auto","background-attachment":"scroll","background-type":"","background-media":"","overlay-type":"","overlay-color":"","overlay-opacity":"","overlay-gradient":""},"mobile":{"background-color":"var(--ast-global-color-4)","background-image":"","background-repeat":"repeat","background-position":"center center","background-size":"auto","background-attachment":"scroll","background-type":"","background-media":"","overlay-type":"","overlay-color":"","overlay-opacity":"","overlay-gradient":""}},"footnotes":""},"class_list":["post-264","page","type-page","status-publish","hentry"],"jetpack_sharing_enabled":true,"_links":{"self":[{"href":"https:\/\/erasmusera.com\/index.php?rest_route=\/wp\/v2\/pages\/264","targetHints":{"allow":["GET"]}}],"collection":[{"href":"https:\/\/erasmusera.com\/index.php?rest_route=\/wp\/v2\/pages"}],"about":[{"href":"https:\/\/erasmusera.com\/index.php?rest_route=\/wp\/v2\/types\/page"}],"author":[{"embeddable":true,"href":"https:\/\/erasmusera.com\/index.php?rest_route=\/wp\/v2\/users\/2"}],"replies":[{"embeddable":true,"href":"https:\/\/erasmusera.com\/index.php?rest_route=%2Fwp%2Fv2%2Fcomments&post=264"}],"version-history":[{"count":3,"href":"https:\/\/erasmusera.com\/index.php?rest_route=\/wp\/v2\/pages\/264\/revisions"}],"predecessor-version":[{"id":280,"href":"https:\/\/erasmusera.com\/index.php?rest_route=\/wp\/v2\/pages\/264\/revisions\/280"}],"wp:attachment":[{"href":"https:\/\/erasmusera.com\/index.php?rest_route=%2Fwp%2Fv2%2Fmedia&parent=264"}],"curies":[{"name":"wp","href":"https:\/\/api.w.org\/{rel}","templated":true}]}}