{"id":266,"date":"2025-03-12T08:42:42","date_gmt":"2025-03-12T08:42:42","guid":{"rendered":"http:\/\/erasmusera.com\/?page_id=266"},"modified":"2025-03-12T08:45:26","modified_gmt":"2025-03-12T08:45:26","slug":"pagrindinis","status":"publish","type":"page","link":"https:\/\/erasmusera.com\/?page_id=266&lang=lt","title":{"rendered":"PAGRINDINIS"},"content":{"rendered":"\n<p class=\"has-text-align-center\">ERA yra mobiliosios ATC, kuria siekiama patenkinti unikalius atoki\u0173 region\u0173 vyresnio am\u017eiaus gyventoj\u0173 poreikius, pradinink\u0117. \u012egyvendinant \u0161i\u0105 iniciatyv\u0105 siekiama \u012frengti \u012fstaig\u0105, u\u017etikrinant, kad ji b\u016bt\u0173 prieinama ir apr\u016bpinta reikalingais i\u0161tekliais. Projektu siekiama suteikti daugiau galimybi\u0173 kaime gyvenantiems senjorams, puosel\u0117jant j\u0173 psichin\u0119 ir emocin\u0119 sveikat\u0105.<\/p>\n\n\n\n<p class=\"has-text-align-center\">Projektas prasid\u0117jo 2024 m. lapkrit\u012f ir jame dalyvauja 5 organizacijos i\u0161 3 \u0161ali\u0173:<\/p>\n\n\n\n<div class=\"wp-block-columns is-layout-flex wp-container-core-columns-is-layout-28f84493 wp-block-columns-is-layout-flex\">\n<div class=\"wp-block-column is-layout-flow wp-block-column-is-layout-flow\">\n<p class=\"has-text-align-center\"><strong>TURKIJA<\/strong><\/p>\n\n\n\n<p class=\"has-text-align-center\">ANKAROS HACI BAYRAM VELI UNIVERSITETAS<\/p>\n\n\n\n<p class=\"has-text-align-center\">Gozde Rehabilitasyon ve Saglik Hizmetleri Tic. Ltd. Sti.<\/p>\n<\/div>\n\n\n\n<div class=\"wp-block-column is-layout-flow wp-block-column-is-layout-flow\">\n<p class=\"has-text-align-center\"><strong>BULGARIJA<\/strong><\/p>\n\n\n\n<p class=\"has-text-align-center\">MC MEDICAL LOT<\/p>\n\n\n\n<p class=\"has-text-align-center\">Valstybin\u0117 psichiatrijos ligonin\u0117 \u201eSt. Ivan Rilski\u201c<\/p>\n<\/div>\n\n\n\n<div class=\"wp-block-column is-layout-flow wp-block-column-is-layout-flow\">\n<p class=\"has-text-align-center\"><strong>LIETUVA<\/strong><\/p>\n\n\n\n<p class=\"has-text-align-center\">Vie\u0161oji \u012fstaiga &#8220;\u0160vietimo, tyrim\u0173 ir konsultacij\u0173 centras&#8221;<\/p>\n<\/div>\n<\/div>\n","protected":false},"excerpt":{"rendered":"<p>ERA yra mobiliosios ATC, kuria siekiama patenkinti unikalius atoki\u0173 region\u0173 vyresnio am\u017eiaus gyventoj\u0173 poreikius, pradinink\u0117. \u012egyvendinant \u0161i\u0105 iniciatyv\u0105 siekiama \u012frengti [&hellip;]<\/p>\n","protected":false},"author":2,"featured_media":0,"parent":0,"menu_order":0,"comment_status":"closed","ping_status":"closed","template":"","meta":{"site-sidebar-layout":"default","site-content-layout":"","ast-site-content-layout":"","site-content-style":"default","site-sidebar-style":"default","ast-global-header-display":"","ast-banner-title-visibility":"","ast-main-header-display":"","ast-hfb-above-header-display":"","ast-hfb-below-header-display":"","ast-hfb-mobile-header-display":"","site-post-title":"disabled","ast-breadcrumbs-content":"","ast-featured-img":"","footer-sml-layout":"","theme-transparent-header-meta":"","adv-header-id-meta":"","stick-header-meta":"","header-above-stick-meta":"","header-main-stick-meta":"","header-below-stick-meta":"","astra-migrate-meta-layouts":"default","ast-page-background-enabled":"default","ast-page-background-meta":{"desktop":{"background-color":"var(--ast-global-color-5)","background-image":"","background-repeat":"repeat","background-position":"center center","background-size":"auto","background-attachment":"scroll","background-type":"","background-media":"","overlay-type":"","overlay-color":"","overlay-opacity":"","overlay-gradient":""},"tablet":{"background-color":"","background-image":"","background-repeat":"repeat","background-position":"center center","background-size":"auto","background-attachment":"scroll","background-type":"","background-media":"","overlay-type":"","overlay-color":"","overlay-opacity":"","overlay-gradient":""},"mobile":{"background-color":"","background-image":"","background-repeat":"repeat","background-position":"center center","background-size":"auto","background-attachment":"scroll","background-type":"","background-media":"","overlay-type":"","overlay-color":"","overlay-opacity":"","overlay-gradient":""}},"ast-content-background-meta":{"desktop":{"background-color":"var(--ast-global-color-4)","background-image":"","background-repeat":"repeat","background-position":"center center","background-size":"auto","background-attachment":"scroll","background-type":"","background-media":"","overlay-type":"","overlay-color":"","overlay-opacity":"","overlay-gradient":""},"tablet":{"background-color":"var(--ast-global-color-4)","background-image":"","background-repeat":"repeat","background-position":"center center","background-size":"auto","background-attachment":"scroll","background-type":"","background-media":"","overlay-type":"","overlay-color":"","overlay-opacity":"","overlay-gradient":""},"mobile":{"background-color":"var(--ast-global-color-4)","background-image":"","background-repeat":"repeat","background-position":"center center","background-size":"auto","background-attachment":"scroll","background-type":"","background-media":"","overlay-type":"","overlay-color":"","overlay-opacity":"","overlay-gradient":""}},"footnotes":""},"class_list":["post-266","page","type-page","status-publish","hentry"],"jetpack_sharing_enabled":true,"_links":{"self":[{"href":"https:\/\/erasmusera.com\/index.php?rest_route=\/wp\/v2\/pages\/266","targetHints":{"allow":["GET"]}}],"collection":[{"href":"https:\/\/erasmusera.com\/index.php?rest_route=\/wp\/v2\/pages"}],"about":[{"href":"https:\/\/erasmusera.com\/index.php?rest_route=\/wp\/v2\/types\/page"}],"author":[{"embeddable":true,"href":"https:\/\/erasmusera.com\/index.php?rest_route=\/wp\/v2\/users\/2"}],"replies":[{"embeddable":true,"href":"https:\/\/erasmusera.com\/index.php?rest_route=%2Fwp%2Fv2%2Fcomments&post=266"}],"version-history":[{"count":2,"href":"https:\/\/erasmusera.com\/index.php?rest_route=\/wp\/v2\/pages\/266\/revisions"}],"predecessor-version":[{"id":271,"href":"https:\/\/erasmusera.com\/index.php?rest_route=\/wp\/v2\/pages\/266\/revisions\/271"}],"wp:attachment":[{"href":"https:\/\/erasmusera.com\/index.php?rest_route=%2Fwp%2Fv2%2Fmedia&parent=266"}],"curies":[{"name":"wp","href":"https:\/\/api.w.org\/{rel}","templated":true}]}}