{"id":281,"date":"2025-03-12T09:51:47","date_gmt":"2025-03-12T09:51:47","guid":{"rendered":"http:\/\/erasmusera.com\/?page_id=281"},"modified":"2025-03-12T09:51:48","modified_gmt":"2025-03-12T09:51:48","slug":"ortaklar","status":"publish","type":"page","link":"https:\/\/erasmusera.com\/?page_id=281&lang=tr","title":{"rendered":"Ortaklar"},"content":{"rendered":"\n<div class=\"wp-block-group alignfull has-accent-background-color has-background is-layout-constrained wp-container-core-group-is-layout-669513ed wp-block-group-is-layout-constrained\" style=\"margin-top:0;margin-bottom:0;padding-top:var(--wp--preset--spacing--50);padding-right:var(--wp--preset--spacing--50);padding-bottom:var(--wp--preset--spacing--50);padding-left:var(--wp--preset--spacing--50)\">\n<div class=\"wp-block-media-text is-stacked-on-mobile\" style=\"grid-template-columns:29% auto\"><figure class=\"wp-block-media-text__media\"><img loading=\"lazy\" decoding=\"async\" width=\"1024\" height=\"783\" src=\"http:\/\/erasmusera.com\/wp-content\/uploads\/2025\/02\/image-1024x783.png\" alt=\"Ankara Hack Bayram Veli University logo\" class=\"wp-image-16 size-full\" srcset=\"https:\/\/erasmusera.com\/wp-content\/uploads\/2025\/02\/image-1024x783.png 1024w, https:\/\/erasmusera.com\/wp-content\/uploads\/2025\/02\/image-300x229.png 300w, https:\/\/erasmusera.com\/wp-content\/uploads\/2025\/02\/image-768x587.png 768w, https:\/\/erasmusera.com\/wp-content\/uploads\/2025\/02\/image-1536x1174.png 1536w, https:\/\/erasmusera.com\/wp-content\/uploads\/2025\/02\/image.png 2008w\" sizes=\"auto, (max-width: 1024px) 100vw, 1024px\" \/><\/figure><div class=\"wp-block-media-text__content\">\n<p class=\"has-x-large-font-size\">Ankara Hac\u0131 Bayram Veli University <\/p>\n<\/div><\/div>\n\n\n\n<div class=\"wp-block-columns alignwide is-layout-flex wp-container-core-columns-is-layout-1da03c2a wp-block-columns-is-layout-flex\">\n<div class=\"wp-block-column is-vertically-aligned-stretch is-layout-flow wp-block-column-is-layout-flow\" style=\"flex-basis:50%\">\n<div class=\"wp-block-group is-vertical is-content-justification-stretch is-layout-flex wp-container-core-group-is-layout-444d5ee8 wp-block-group-is-layout-flex\" style=\"min-height:100%\">\n<h2 class=\"wp-block-heading\">HAKKINDA<\/h2>\n\n\n\n<p>Ankara Hac\u0131 Bayram Veli \u00dcniversitesi (AHBVU), 2018 y\u0131l\u0131nda Ankara Gazi \u00dcniversitesi&#8217;nden ayr\u0131larak sosyal bilimler odakl\u0131 bir devlet \u00fcniversitesi olarak varl\u0131\u011f\u0131n\u0131 s\u00fcrd\u00fcrmektedir. T\u00fcrkiye&#8217;nin ba\u015fkenti Ankara&#8217;n\u0131n merkezinde bulunan \u00fcniversitemiz bir\u00e7ok alanda e\u011fitim vermektedir. AHBVU, 9 Fak\u00fclte, 3 Y\u00fcksekokul, 2 Meslek Y\u00fcksekokulu, 1 Konservatuvar, 1 Enstit\u00fc ve 31 Ara\u015ft\u0131rma Merkezi ile devlet \u00fcniversitesi olarak e\u011fitim ve \u00f6\u011fretim faaliyetlerini \u00fccretsiz olarak s\u00fcrd\u00fcrmektedir.<\/p>\n\n\n\n<div class=\"wp-block-group is-content-justification-left is-layout-constrained wp-container-core-group-is-layout-9fe8ed88 wp-block-group-is-layout-constrained\">\n<p class=\"wp-container-content-0733e5d0\">AHBV \u00dcniversitesi:<\/p>\n\n\n\n<ul class=\"wp-block-list\">\n<li>Lisans \u00d6\u011frencisi 22.644<\/li>\n\n\n\n<li>Y\u00fcksek Lisans \u00d6\u011frencisi 4.492<\/li>\n\n\n\n<li>Doktora \u00d6\u011frencisi 1.838<\/li>\n\n\n\n<li>Akademik Kadro 1.276<\/li>\n\n\n\n<li>TOPLAM \u00d6\u011frenci 28.974<\/li>\n<\/ul>\n\n\n\n<p><\/p>\n\n\n\n<h2 class=\"wp-block-heading\">V\u0130ZYON<\/h2>\n\n\n\n<p>Ankara Hac\u0131 Bayram Veli \u00dcniversitesi&#8217;nin vizyonu, bilim, sosyal, k\u00fclt\u00fcr ve sanat alanlar\u0131nda toplumsal y\u00f6netim sa\u011flayan bir \u00fcniversite olmakt\u0131r.<\/p>\n<\/div>\n<\/div>\n<\/div>\n\n\n\n<div class=\"wp-block-column is-vertically-aligned-center is-layout-flow wp-block-column-is-layout-flow\" style=\"flex-basis:50%\">\n<h2 class=\"wp-block-heading\">M\u0130SYON<\/h2>\n\n\n\n<p>Ankara Hac\u0131 Bayram Veli \u00dcniversitesi&#8217;nin misyonu bilim, k\u00fclt\u00fcr, sanat ve g\u00fcc\u00fcn\u00fc; Verimlilik, k\u00fclt\u00fcr ve k\u00fcresel odakl\u0131 \u00fcretim ve bu toplumsal hizmeti g\u00fc\u00e7l\u00fc akademik listeler, portf\u00f6yler, ulusal ve uluslararas\u0131 i\u015fbirlikleri, disiplinler aras\u0131 faaliyetler ve dijital teknolojilerin etkin kullan\u0131m\u0131 yoluyla sa\u011flamak.<\/p>\n\n\n\n<h2 class=\"wp-block-heading\">TEMEL DE\u011eERLER<\/h2>\n\n\n\n<p>Ankara Hac\u0131 Bayram Veli \u00dcniversitesi&#8217;nin temel de\u011ferleri \u015funlard\u0131r:<\/p>\n\n\n\n<ul class=\"wp-block-list\">\n<li>Ara\u015ft\u0131rma odakl\u0131l\u0131k<\/li>\n\n\n\n<li>Proaktif bir yakla\u015f\u0131m benimsemek<\/li>\n\n\n\n<li>Toplumsal de\u011fi\u015fimde \u00f6nc\u00fc olmak<\/li>\n\n\n\n<li>S\u00fcrd\u00fcr\u00fclebilirli\u011fi ilke edinmek<\/li>\n\n\n\n<li>E\u011fitim ve \u00f6\u011fretimde yenilik\u00e7ilik ve m\u00fckemmeliyet\u00e7ilik<\/li>\n\n\n\n<li>\u00d6\u011frenci odakl\u0131l\u0131k<\/li>\n\n\n\n<li>\u015eeffafl\u0131k<\/li>\n\n\n\n<li>\u0130dari ve akademik faaliyetlerde liberal ve kat\u0131l\u0131mc\u0131 olmak<\/li>\n\n\n\n<li>Her t\u00fcrl\u00fc ayr\u0131mc\u0131l\u0131\u011fa kar\u015f\u0131 duyarl\u0131l\u0131k<\/li>\n<\/ul>\n<\/div>\n<\/div>\n\n\n\n<p>Ankara Hac\u0131 Bayram Veli \u00dcniversitesi, sosyal bilimler, k\u00fclt\u00fcr ve sanat alanlar\u0131nda toplumun geli\u015fimine \u00f6nc\u00fcl\u00fck eden bir \u00fcniversitedir. \u015eunlar\u0131 i\u00e7erir:<\/p>\n\n\n\n<ul class=\"wp-block-list\">\n<li>Turizm Fak\u00fcltesi<\/li>\n\n\n\n<li>Edebiyat Fak\u00fcltesi<\/li>\n\n\n\n<li>Mali Bilimler Fak\u00fcltesi<\/li>\n\n\n\n<li>G\u00fczel Sanatlar Fak\u00fcltesi<\/li>\n\n\n\n<li>Hukuk Fak\u00fcltesi<\/li>\n\n\n\n<li>\u0130ktisadi ve \u0130dari Bilimler Fak\u00fcltesi<\/li>\n\n\n\n<li>\u0130leti\u015fim Fak\u00fcltesi<\/li>\n\n\n\n<li>\u0130slami \u0130limler Fak\u00fcltesi<\/li>\n\n\n\n<li>Sanat ve Tasar\u0131m Fak\u00fcltesi<\/li>\n<\/ul>\n\n\n\n<div class=\"wp-block-buttons is-layout-flex wp-block-buttons-is-layout-flex\">\n<div class=\"wp-block-button is-style-outline is-style-outline--1\" id=\"AnkaraUniBtn\"><a class=\"wp-block-button__link wp-element-button\" href=\"https:\/\/hacibayram.edu.tr\/\" rel=\"https:\/\/hacibayram.edu.tr\/\"><strong>Find out more<\/strong><\/a><\/div>\n<\/div>\n<\/div>\n\n\n\n<div class=\"wp-block-group alignfull has-base-2-background-color has-background is-layout-constrained wp-container-core-group-is-layout-669513ed wp-block-group-is-layout-constrained\" style=\"margin-top:0;margin-bottom:0;padding-top:var(--wp--preset--spacing--50);padding-right:var(--wp--preset--spacing--50);padding-bottom:var(--wp--preset--spacing--50);padding-left:var(--wp--preset--spacing--50)\">\n<div class=\"wp-block-media-text is-stacked-on-mobile\" style=\"grid-template-columns:27% auto\"><figure class=\"wp-block-media-text__media\"><img loading=\"lazy\" decoding=\"async\" width=\"1024\" height=\"724\" src=\"http:\/\/erasmusera.com\/wp-content\/uploads\/2025\/03\/Gozde-Rehabilitation-1-1024x724-1.png\" alt=\"\" class=\"wp-image-172 size-full\" srcset=\"https:\/\/erasmusera.com\/wp-content\/uploads\/2025\/03\/Gozde-Rehabilitation-1-1024x724-1.png 1024w, https:\/\/erasmusera.com\/wp-content\/uploads\/2025\/03\/Gozde-Rehabilitation-1-1024x724-1-300x212.png 300w, https:\/\/erasmusera.com\/wp-content\/uploads\/2025\/03\/Gozde-Rehabilitation-1-1024x724-1-768x543.png 768w\" sizes=\"auto, (max-width: 1024px) 100vw, 1024px\" \/><\/figure><div class=\"wp-block-media-text__content\">\n<p class=\"has-x-large-font-size\">Gozde Rehabilitasyon ve Saglik Hizmetleri Tic. Ltd. Sti.<\/p>\n<\/div><\/div>\n\n\n\n<div class=\"wp-block-columns alignwide is-layout-flex wp-container-core-columns-is-layout-1da03c2a wp-block-columns-is-layout-flex\">\n<div class=\"wp-block-column is-vertically-aligned-stretch is-layout-flow wp-block-column-is-layout-flow\" style=\"flex-basis:50%\">\n<div class=\"wp-block-group is-vertical is-content-justification-stretch is-layout-flex wp-container-core-group-is-layout-444d5ee8 wp-block-group-is-layout-flex\" style=\"min-height:100%\">\n<h2 class=\"wp-block-heading\">Hakkinda<\/h2>\n\n\n\n<p>Ankara&#8217;da bulunan G\u00f6zde Rehabilitasyon ve Sa\u011fl\u0131k Hizmetleri, y\u00fcksek kaliteli, hasta merkezli rehabilitasyon ve t\u0131bbi bak\u0131m sunmaya adanm\u0131\u015f birinci s\u0131n\u0131f bir sa\u011fl\u0131k hizmeti sa\u011flay\u0131c\u0131s\u0131d\u0131r. &#8220;\u00d6NCE SA\u011eLIK&#8221; ilkesiyle y\u00f6nlendirilen uzman doktorlar\u0131m\u0131z, fizyoterapistlerimiz ve yard\u0131mc\u0131 sa\u011fl\u0131k profesyonellerimizden olu\u015fan ekibimiz, t\u0131bbi uzmanl\u0131\u011f\u0131 \u015fefkatli ve ev benzeri bir ortamla birle\u015ftirerek tedaviye b\u00fct\u00fcnsel bir yakla\u015f\u0131m sa\u011flar. Hastanemiz, geli\u015fmi\u015f te\u015fhis ve acil bak\u0131m \u00fcniteleri taraf\u0131ndan desteklenen Fizik Tedavi ve Rehabilitasyon, Palyatif Bak\u0131m, N\u00f6roloji, Nefroloji, Klinik Pilates, Dermatoloji, Dahiliye ve daha fazlas\u0131 dahil olmak \u00fczere \u00e7ok \u00e7e\u015fitli hizmetler sunmaktad\u0131r. M\u00fckemmelli\u011fe ba\u011fl\u0131 kalarak, hasta g\u00fcvenli\u011fini ve hizmet verimlili\u011fini art\u0131rmak i\u00e7in titiz kalite y\u00f6netimi, risk de\u011ferlendirmesi ve s\u00fcrekli iyile\u015ftirme uygulamalar\u0131 uygulayarak Sa\u011fl\u0131k Bakanl\u0131\u011f\u0131 Kalite Standartlar\u0131na s\u0131k\u0131 s\u0131k\u0131ya ba\u011fl\u0131 kal\u0131yoruz.<\/p>\n<\/div>\n<\/div>\n\n\n\n<div class=\"wp-block-column is-vertically-aligned-center is-layout-flow wp-block-column-is-layout-flow\" style=\"flex-basis:50%\">\n<p>Sa\u011fl\u0131k hizmetlerinin \u00f6tesinde, G\u00f6zde Rehabilitasyon, rehabilitasyon tekniklerini ilerletmek ve halk sa\u011fl\u0131\u011f\u0131 giri\u015fimlerine katk\u0131da bulunmak i\u00e7in ara\u015ft\u0131rma, inovasyon ve toplumla ileti\u015fimde aktif olarak yer almaktad\u0131r. Hastanemiz, rehabilitasyonda t\u0131bbi geli\u015fmeleri ve en iyi uygulamalar\u0131 te\u015fvik etmek i\u00e7in AB tabanl\u0131 projelere kat\u0131larak s\u00fcrekli \u00f6\u011frenme ve uluslararas\u0131 i\u015f birli\u011fi k\u00fclt\u00fcr\u00fcn\u00fc te\u015fvik eder. Say\u0131n Ahmet YILDIZ liderli\u011findeki deneyimli y\u00f6netim ekibimiz, t\u0131p uzmanlar\u0131m\u0131z ve ara\u015ft\u0131rma profesyonellerimiz, yenili\u011fi y\u00f6nlendirmek, ola\u011fan\u00fcst\u00fc hasta sonu\u00e7lar\u0131 sa\u011flamak ve rehabilitasyon bak\u0131m\u0131n\u0131n gelece\u011fini \u015fekillendirmek i\u00e7in birlikte \u00e7al\u0131\u015f\u0131r.<\/p>\n\n\n\n<div class=\"wp-block-buttons is-layout-flex wp-block-buttons-is-layout-flex\">\n<div class=\"wp-block-button is-style-outline is-style-outline--2\" id=\"AnkaraUniBtn\"><a class=\"wp-block-button__link wp-element-button\" href=\"https:\/\/www.gozderehabilitasyon.com\/\" rel=\"https:\/\/www.gozderehabilitasyon.com\/\"><strong>Find out more<\/strong><\/a><\/div>\n<\/div>\n<\/div>\n<\/div>\n<\/div>\n\n\n\n<div class=\"wp-block-group alignfull has-accent-background-color has-background is-layout-constrained wp-container-core-group-is-layout-669513ed wp-block-group-is-layout-constrained\" style=\"margin-top:0;margin-bottom:0;padding-top:var(--wp--preset--spacing--50);padding-right:var(--wp--preset--spacing--50);padding-bottom:var(--wp--preset--spacing--50);padding-left:var(--wp--preset--spacing--50)\">\n<div class=\"wp-block-group is-layout-constrained wp-block-group-is-layout-constrained\">\n<div class=\"wp-block-media-text is-stacked-on-mobile\" style=\"grid-template-columns:26% auto\"><figure class=\"wp-block-media-text__media\"><img loading=\"lazy\" decoding=\"async\" width=\"150\" height=\"150\" src=\"http:\/\/erasmusera.com\/wp-content\/uploads\/2025\/02\/image-3.png\" alt=\"\" class=\"wp-image-33 size-full\"\/><\/figure><div class=\"wp-block-media-text__content\">\n<p class=\"has-x-large-font-size\">MC MEDICAL LOT<\/p>\n<\/div><\/div>\n<\/div>\n\n\n\n<div class=\"wp-block-columns alignwide is-layout-flex wp-container-core-columns-is-layout-1da03c2a wp-block-columns-is-layout-flex\">\n<div class=\"wp-block-column is-layout-flow wp-block-column-is-layout-flow\">\n<h2 class=\"wp-block-heading\">Hakkinda<\/h2>\n\n\n\n<p>17 Aral\u0131k 2008&#8217;de Bulgaristan\u0131n Sofya \u015fehrinde kurulan Medical Center MEDICAL LOT EOOD, sa\u011fl\u0131k hizmeti sunumu alan\u0131nda m\u00fckemmelli\u011fin simgesi olarak durmaktad\u0131r. Hastane \u00f6ncesi bak\u0131m, sa\u011fl\u0131kl\u0131 ya\u015fam giri\u015fimleri ve i\u015f sa\u011fl\u0131\u011f\u0131 hizmetlerinde uzmanla\u015fan MC MEDICAL LOT, ileri d\u00fczey t\u0131bbi uzmanl\u0131\u011f\u0131n, son teknoloji ve \u015fefkatli hasta bak\u0131m\u0131n\u0131n bir araya gelmesini temsil eder. MC MEDICAL LOT&#8217;u farkl\u0131 k\u0131lan \u015fey, hastane \u00f6ncesi bak\u0131mda lider olarak m\u00fckemmel itibar\u0131na katk\u0131da bulunan \u00e7ok say\u0131da fakt\u00f6rle desteklenen, m\u00fckemmelli\u011fe olan sars\u0131lmaz ba\u011fl\u0131l\u0131\u011f\u0131d\u0131r. \u00d6ncelikle, merkez, topluma en y\u00fcksek t\u0131bbi bak\u0131m standartlar\u0131yla hizmet etme konusundaki kal\u0131c\u0131 \u00f6zverisinin bir kan\u0131t\u0131 olan 15 y\u0131l\u0131 a\u015fk\u0131n paha bi\u00e7ilmez deneyime sahiptir. Bu deneyim zenginli\u011fi, merkezin \u00fcnl\u00fc t\u0131p \u00fcniversiteleri, hastaneler ve kurumlardan gelen doktorlar, uzmanlar ve uzmanlar dahil olmak \u00fczere t\u0131p d\u00fcnyas\u0131n\u0131n \u00f6nde gelen isimlerinin i\u015f birli\u011fi a\u011f\u0131yla daha da zenginle\u015ftirilmektedir. Stratejik ortakl\u0131klar arac\u0131l\u0131\u011f\u0131yla MC MEDICAL LOT, \u00e7e\u015fitli bak\u0131\u015f a\u00e7\u0131lar\u0131na, son teknoloji ara\u015ft\u0131rmalara ve uzmanla\u015fm\u0131\u015f bilgiye eri\u015fim sa\u011flayarak te\u015fhis ve tedavi yeteneklerini zenginle\u015ftirir.<\/p>\n\n\n\n<p><br>En son teknoloji te\u015fhis ekipmanlar\u0131 ve modern t\u0131bbi tesislerle donat\u0131lm\u0131\u015f olan merkez, t\u0131bbi ilerlemenin \u00f6nc\u00fcl\u00fc\u011f\u00fcn\u00fc s\u00fcrd\u00fcrmektedir ve sa\u011fl\u0131k profesyonellerinden olu\u015fan ekibini, her hastan\u0131n benzersiz ihtiya\u00e7lar\u0131na g\u00f6re uyarlanm\u0131\u015f do\u011fru te\u015fhisler ve ki\u015fiselle\u015ftirilmi\u015f tedavi planlar\u0131 sunmalar\u0131 i\u00e7in g\u00fc\u00e7lendirmektedir. MC MEDICAL LOT, Bulgaristan genelinde i\u015fyerinde sa\u011fl\u0131k ve g\u00fcvenli\u011fi te\u015fvik etmede \u00f6nc\u00fc olan ve mesleki t\u0131p hizmetleri alan\u0131nda se\u00e7kin bir sa\u011flay\u0131c\u0131 olan LOTCONSULT ile yak\u0131n i\u015fbirli\u011fi i\u00e7inde faaliyet g\u00f6stermektedir.<\/p>\n\n\n\n<div class=\"wp-block-buttons is-layout-flex wp-block-buttons-is-layout-flex\">\n<div class=\"wp-block-button is-style-outline is-style-outline--3\" id=\"AnkaraUniBtn\"><a class=\"wp-block-button__link wp-element-button\" href=\"https:\/\/medical-lot.com\/\" rel=\"https:\/\/medical-lot.com\/\"><strong>Find out more<\/strong><\/a><\/div>\n<\/div>\n<\/div>\n<\/div>\n<\/div>\n\n\n\n<div class=\"wp-block-group alignfull has-accent-background-color has-background is-layout-constrained wp-container-core-group-is-layout-669513ed wp-block-group-is-layout-constrained\" style=\"margin-top:0;margin-bottom:0;padding-top:var(--wp--preset--spacing--50);padding-right:var(--wp--preset--spacing--50);padding-bottom:var(--wp--preset--spacing--50);padding-left:var(--wp--preset--spacing--50)\">\n<div class=\"wp-block-group is-layout-constrained wp-block-group-is-layout-constrained\">\n<div class=\"wp-block-media-text is-stacked-on-mobile\" style=\"grid-template-columns:26% auto\"><figure class=\"wp-block-media-text__media\"><img loading=\"lazy\" decoding=\"async\" width=\"234\" height=\"335\" src=\"http:\/\/erasmusera.com\/wp-content\/uploads\/2025\/02\/image-4.png\" alt=\"\" class=\"wp-image-41 size-full\" srcset=\"https:\/\/erasmusera.com\/wp-content\/uploads\/2025\/02\/image-4.png 234w, https:\/\/erasmusera.com\/wp-content\/uploads\/2025\/02\/image-4-210x300.png 210w\" sizes=\"auto, (max-width: 234px) 100vw, 234px\" \/><\/figure><div class=\"wp-block-media-text__content\">\n<p class=\"has-x-large-font-size\">State Psychiatric Hospital &#8220;St. Ivan Rilski&#8221;<\/p>\n<\/div><\/div>\n<\/div>\n\n\n\n<div class=\"wp-block-columns alignwide is-layout-flex wp-container-core-columns-is-layout-1da03c2a wp-block-columns-is-layout-flex\">\n<div class=\"wp-block-column is-layout-flow wp-block-column-is-layout-flow\">\n<h2 class=\"wp-block-heading\">Hakkinda<\/h2>\n\n\n\n<p>Devlet Psikiyatri Hastanesi St. Ivan Rilski 1949 y\u0131l\u0131nda kurulmu\u015ftur. Yatak say\u0131s\u0131na g\u00f6re Bulgaristan&#8217;\u0131n \u00fc\u00e7\u00fcnc\u00fc b\u00fcy\u00fck psikiyatri hastanesidir. Pavyon prensibine g\u00f6re in\u015fa edilmi\u015ftir. Hastanede akut ve kronik ak\u0131l hastalar\u0131 tedavi edilir, rehabilitasyon ve sosyal programlar uygulan\u0131r ve uzman g\u00f6revleri y\u00fcr\u00fct\u00fcl\u00fcr.programs, and carries out expert tasks.<\/p>\n\n\n\n<p><br>Hastane, ihtiya\u00e7 sahiplerine yard\u0131m eden ve ak\u0131l hastalar\u0131n\u0131n bak\u0131m\u0131nda t\u00fcm toplumun gerekli deste\u011fini sa\u011flayan bir yerdir. Terapi ve rehabilitasyon i\u00e7in t\u0131bbi bir tesistir ve t\u0131bbi uygulaman\u0131n en son ba\u015far\u0131lar\u0131n\u0131 uygular. Burada hastalar ayr\u0131ca onlar i\u00e7in de \u00f6nemli olan destekleyici bir ortam elde ederler.<\/p>\n\n\n\n<div class=\"wp-block-buttons is-layout-flex wp-block-buttons-is-layout-flex\">\n<div class=\"wp-block-button is-style-outline is-style-outline--4\" id=\"AnkaraUniBtn\"><a class=\"wp-block-button__link wp-element-button\" href=\"https:\/\/www.dpbivanrilski.com\/\"><strong>Find out more<\/strong><\/a><\/div>\n<\/div>\n<\/div>\n<\/div>\n<\/div>\n\n\n\n<div class=\"wp-block-group alignfull has-accent-background-color has-background is-layout-constrained wp-container-core-group-is-layout-669513ed wp-block-group-is-layout-constrained\" style=\"margin-top:0;margin-bottom:0;padding-top:var(--wp--preset--spacing--50);padding-right:var(--wp--preset--spacing--50);padding-bottom:var(--wp--preset--spacing--50);padding-left:var(--wp--preset--spacing--50)\">\n<div class=\"wp-block-group is-layout-constrained wp-block-group-is-layout-constrained\">\n<div class=\"wp-block-media-text is-stacked-on-mobile\" style=\"grid-template-columns:31% auto\"><figure class=\"wp-block-media-text__media\"><img loading=\"lazy\" decoding=\"async\" width=\"1024\" height=\"724\" src=\"http:\/\/erasmusera.com\/wp-content\/uploads\/2025\/03\/ERCC-logo-01-1024x724.png\" alt=\"\" class=\"wp-image-173 size-full\" srcset=\"https:\/\/erasmusera.com\/wp-content\/uploads\/2025\/03\/ERCC-logo-01-1024x724.png 1024w, https:\/\/erasmusera.com\/wp-content\/uploads\/2025\/03\/ERCC-logo-01-300x212.png 300w, https:\/\/erasmusera.com\/wp-content\/uploads\/2025\/03\/ERCC-logo-01-768x543.png 768w, https:\/\/erasmusera.com\/wp-content\/uploads\/2025\/03\/ERCC-logo-01-1536x1086.png 1536w, https:\/\/erasmusera.com\/wp-content\/uploads\/2025\/03\/ERCC-logo-01-2048x1448.png 2048w\" sizes=\"auto, (max-width: 1024px) 100vw, 1024px\" \/><\/figure><div class=\"wp-block-media-text__content\">\n<p class=\"has-x-large-font-size\">Viesoji istaiga &#8220;Svietimo, tyrimu ir konsultaciju centras&#8221;<\/p>\n<\/div><\/div>\n<\/div>\n\n\n\n<div class=\"wp-block-columns alignwide is-layout-flex wp-container-core-columns-is-layout-1da03c2a wp-block-columns-is-layout-flex\">\n<div class=\"wp-block-column is-layout-flow wp-block-column-is-layout-flow\">\n<h2 class=\"wp-block-heading\">Hakkinda<\/h2>\n\n\n\n<p>E\u011fitim, Ara\u015ft\u0131rma ve Dan\u0131\u015fmanl\u0131k Merkezi (ERCC), 2006 y\u0131l\u0131ndan bu yana Bat\u0131 Litvanya&#8217;da faaliyet g\u00f6steren, kar amac\u0131 g\u00fctmeyen, h\u00fck\u00fcmet d\u0131\u015f\u0131 bir yeti\u015fkin e\u011fitim kurumudur. Kurulu\u015f, \u00fcniversitelerden \u00f6\u011fretim g\u00f6revlileri ve ara\u015ft\u0131rmac\u0131lardan olu\u015fan bir grup taraf\u0131ndan, i\u015fletmeler, h\u00fck\u00fcmet kurulu\u015flar\u0131, e\u011fitim kurumlar\u0131 ve STK&#8217;lardaki yeti\u015fkinlere e\u011fitim ve ara\u015ft\u0131rma sa\u011flamak amac\u0131yla kurulmu\u015ftur.<\/p>\n\n\n\n<div class=\"wp-block-buttons is-layout-flex wp-block-buttons-is-layout-flex\">\n<div class=\"wp-block-button is-style-outline is-style-outline--5\" id=\"AnkaraUniBtn\"><a class=\"wp-block-button__link wp-element-button\" href=\"http:\/\/www.ercc.lt\/\"><strong>Find out more<\/strong><\/a><\/div>\n<\/div>\n<\/div>\n<\/div>\n<\/div>\n\n\n\n<p><\/p>\n","protected":false},"excerpt":{"rendered":"<p>Ankara Hac\u0131 Bayram Veli University HAKKINDA Ankara Hac\u0131 Bayram Veli \u00dcniversitesi (AHBVU), 2018 y\u0131l\u0131nda Ankara Gazi \u00dcniversitesi&#8217;nden ayr\u0131larak sosyal bilimler [&hellip;]<\/p>\n","protected":false},"author":2,"featured_media":0,"parent":0,"menu_order":0,"comment_status":"closed","ping_status":"closed","template":"","meta":{"site-sidebar-layout":"default","site-content-layout":"","ast-site-content-layout":"","site-content-style":"default","site-sidebar-style":"default","ast-global-header-display":"","ast-banner-title-visibility":"","ast-main-header-display":"","ast-hfb-above-header-display":"","ast-hfb-below-header-display":"","ast-hfb-mobile-header-display":"","site-post-title":"","ast-breadcrumbs-content":"","ast-featured-img":"","footer-sml-layout":"","theme-transparent-header-meta":"","adv-header-id-meta":"","stick-header-meta":"","header-above-stick-meta":"","header-main-stick-meta":"","header-below-stick-meta":"","astra-migrate-meta-layouts":"default","ast-page-background-enabled":"default","ast-page-background-meta":{"desktop":{"background-color":"var(--ast-global-color-5)","background-image":"","background-repeat":"repeat","background-position":"center center","background-size":"auto","background-attachment":"scroll","background-type":"","background-media":"","overlay-type":"","overlay-color":"","overlay-opacity":"","overlay-gradient":""},"tablet":{"background-color":"","background-image":"","background-repeat":"repeat","background-position":"center center","background-size":"auto","background-attachment":"scroll","background-type":"","background-media":"","overlay-type":"","overlay-color":"","overlay-opacity":"","overlay-gradient":""},"mobile":{"background-color":"","background-image":"","background-repeat":"repeat","background-position":"center center","background-size":"auto","background-attachment":"scroll","background-type":"","background-media":"","overlay-type":"","overlay-color":"","overlay-opacity":"","overlay-gradient":""}},"ast-content-background-meta":{"desktop":{"background-color":"var(--ast-global-color-4)","background-image":"","background-repeat":"repeat","background-position":"center center","background-size":"auto","background-attachment":"scroll","background-type":"","background-media":"","overlay-type":"","overlay-color":"","overlay-opacity":"","overlay-gradient":""},"tablet":{"background-color":"var(--ast-global-color-4)","background-image":"","background-repeat":"repeat","background-position":"center center","background-size":"auto","background-attachment":"scroll","background-type":"","background-media":"","overlay-type":"","overlay-color":"","overlay-opacity":"","overlay-gradient":""},"mobile":{"background-color":"var(--ast-global-color-4)","background-image":"","background-repeat":"repeat","background-position":"center center","background-size":"auto","background-attachment":"scroll","background-type":"","background-media":"","overlay-type":"","overlay-color":"","overlay-opacity":"","overlay-gradient":""}},"footnotes":""},"class_list":["post-281","page","type-page","status-publish","hentry"],"jetpack_sharing_enabled":true,"_links":{"self":[{"href":"https:\/\/erasmusera.com\/index.php?rest_route=\/wp\/v2\/pages\/281","targetHints":{"allow":["GET"]}}],"collection":[{"href":"https:\/\/erasmusera.com\/index.php?rest_route=\/wp\/v2\/pages"}],"about":[{"href":"https:\/\/erasmusera.com\/index.php?rest_route=\/wp\/v2\/types\/page"}],"author":[{"embeddable":true,"href":"https:\/\/erasmusera.com\/index.php?rest_route=\/wp\/v2\/users\/2"}],"replies":[{"embeddable":true,"href":"https:\/\/erasmusera.com\/index.php?rest_route=%2Fwp%2Fv2%2Fcomments&post=281"}],"version-history":[{"count":1,"href":"https:\/\/erasmusera.com\/index.php?rest_route=\/wp\/v2\/pages\/281\/revisions"}],"predecessor-version":[{"id":282,"href":"https:\/\/erasmusera.com\/index.php?rest_route=\/wp\/v2\/pages\/281\/revisions\/282"}],"wp:attachment":[{"href":"https:\/\/erasmusera.com\/index.php?rest_route=%2Fwp%2Fv2%2Fmedia&parent=281"}],"curies":[{"name":"wp","href":"https:\/\/api.w.org\/{rel}","templated":true}]}}