{"id":284,"date":"2025-03-12T10:27:29","date_gmt":"2025-03-12T10:27:29","guid":{"rendered":"http:\/\/erasmusera.com\/?page_id=284"},"modified":"2025-03-12T10:27:29","modified_gmt":"2025-03-12T10:27:29","slug":"partneriai","status":"publish","type":"page","link":"https:\/\/erasmusera.com\/?page_id=284&lang=lt","title":{"rendered":"Partneriai"},"content":{"rendered":"\n<div class=\"wp-block-group alignfull has-accent-background-color has-background is-layout-constrained wp-container-core-group-is-layout-669513ed wp-block-group-is-layout-constrained\" style=\"margin-top:0;margin-bottom:0;padding-top:var(--wp--preset--spacing--50);padding-right:var(--wp--preset--spacing--50);padding-bottom:var(--wp--preset--spacing--50);padding-left:var(--wp--preset--spacing--50)\">\n<div class=\"wp-block-media-text is-stacked-on-mobile\" style=\"grid-template-columns:29% auto\"><figure class=\"wp-block-media-text__media\"><img loading=\"lazy\" decoding=\"async\" width=\"1024\" height=\"783\" src=\"http:\/\/erasmusera.com\/wp-content\/uploads\/2025\/02\/image-1024x783.png\" alt=\"Ankara Hack Bayram Veli University logo\" class=\"wp-image-16 size-full\" srcset=\"https:\/\/erasmusera.com\/wp-content\/uploads\/2025\/02\/image-1024x783.png 1024w, https:\/\/erasmusera.com\/wp-content\/uploads\/2025\/02\/image-300x229.png 300w, https:\/\/erasmusera.com\/wp-content\/uploads\/2025\/02\/image-768x587.png 768w, https:\/\/erasmusera.com\/wp-content\/uploads\/2025\/02\/image-1536x1174.png 1536w, https:\/\/erasmusera.com\/wp-content\/uploads\/2025\/02\/image.png 2008w\" sizes=\"auto, (max-width: 1024px) 100vw, 1024px\" \/><\/figure><div class=\"wp-block-media-text__content\">\n<p class=\"has-x-large-font-size\">Ankara Hac\u0131 Bayram Veli University <\/p>\n<\/div><\/div>\n\n\n\n<div class=\"wp-block-columns alignwide is-layout-flex wp-container-core-columns-is-layout-1da03c2a wp-block-columns-is-layout-flex\">\n<div class=\"wp-block-column is-vertically-aligned-stretch is-layout-flow wp-block-column-is-layout-flow\" style=\"flex-basis:50%\">\n<div class=\"wp-block-group is-vertical is-content-justification-stretch is-layout-flex wp-container-core-group-is-layout-444d5ee8 wp-block-group-is-layout-flex\" style=\"min-height:100%\">\n<h2 class=\"wp-block-heading\">Apie<\/h2>\n\n\n\n<p>Ankaros Hac\u0131 Bayram Veli universitetas (AHBVU) buvo atskirtas nuo Ankaros Gazi universiteto 2018 m. ir toliau gyvuoja kaip \u012f socialinius mokslus orientuotas valstybinis universitetas. \u012esik\u016br\u0119s Turkijos sostin\u0117s Ankaros centre, universitetas teikia daugelio sri\u010di\u0173 i\u0161silavinim\u0105. AHBVU t\u0119sia nemokam\u0105 \u0161vietimo ir mokymo veikl\u0105 kaip valstybinis universitetas, turintis 9 fakultetus, 3 mokyklas, 2 profesines mokyklas, 1 konservatorij\u0105, 1 institut\u0105 ir 31 mokslini\u0173 tyrim\u0173 centr\u0105.<\/p>\n\n\n\n<div class=\"wp-block-group is-content-justification-left is-layout-constrained wp-container-core-group-is-layout-9fe8ed88 wp-block-group-is-layout-constrained\">\n<p class=\"wp-container-content-0733e5d0\">AHBV universitetas turi:<\/p>\n\n\n\n<ul class=\"wp-block-list\">\n<li>Bakalauro student\u0173 22.644<\/li>\n\n\n\n<li>magistrant\u016bros student\u0173 4.492<\/li>\n\n\n\n<li>Doktorant\u016bros student\u0173 1,838<\/li>\n\n\n\n<li>Akademinis personalo skai\u010dius 1,276<\/li>\n\n\n\n<li>I\u0161 viso student\u0173 28 974<\/li>\n<\/ul>\n\n\n\n<p><\/p>\n\n\n\n<h2 class=\"wp-block-heading\">VIZIJA<\/h2>\n\n\n\n<p>Ankaros Hac\u0131 Bayram Veli universiteto vizija &#8211; b\u016bti universitetu, kuris teikia socialin\u0119 vadyb\u0105 mokslo, visuomen\u0117s, kult\u016bros ir meno srityse.<\/p>\n<\/div>\n<\/div>\n<\/div>\n\n\n\n<div class=\"wp-block-column is-vertically-aligned-center is-layout-flow wp-block-column-is-layout-flow\" style=\"flex-basis:50%\">\n<h2 class=\"wp-block-heading\">MISIJA<\/h2>\n\n\n\n<p>Ankaros Hac\u0131 Bayram Veli universiteto misija yra naudoti savo \u012ftak\u0105 moksle, kult\u016broje, mene ir jos stiprum\u0105 teikti darbo na\u0161um\u0105, kult\u016br\u0105 ir pasauliniu mastu orientuot\u0105 gamyb\u0105 ir \u0161i\u0105 socialin\u0119 paslaug\u0105 per veiksming\u0105 naudojim\u0105 stipri\u0173 akademini\u0173 s\u0105ra\u0161\u0173, nacionalinius ir tarptautinius bendradarbiavimus, tarpdisciplinines veiklas ir skaitmenines technologijas.<\/p>\n\n\n\n<p><\/p>\n\n\n\n<h2 class=\"wp-block-heading\">PAGRINDIN\u0116S VERTYB\u0116S<\/h2>\n\n\n\n<p>Pagrindin\u0117s Ankaros Hac\u0131 Bayram Veli universiteto vertyb\u0117s yra:<\/p>\n\n\n\n<ul class=\"wp-block-list\">\n<li>orientacija \u012f mokslinius tyrimus<\/li>\n\n\n\n<li>aktyvus po\u017ei\u016bris<\/li>\n\n\n\n<li>b\u016bti socialini\u0173 poky\u010di\u0173 pradininku<\/li>\n\n\n\n<li>tvarumo kaip principo pri\u0117mimas<\/li>\n\n\n\n<li>inovacijos ir perfekcionizmas \u0161vietimo ir mokymo srityje<\/li>\n\n\n\n<li>orientavimasis \u012f studentus<\/li>\n\n\n\n<li>skaidrumas<\/li>\n\n\n\n<li>liberalumas ir dalyvavimas administracin\u0117je ir akademin\u0117je veikloje<\/li>\n\n\n\n<li>bet kokios diskriminacijos netoleravimas<\/li>\n<\/ul>\n<\/div>\n<\/div>\n\n\n\n<p>Ankaros Hac\u0131 Bayram Veli universitetas skatina visuomen\u0117s vystym\u0105si socialini\u0173 moksl\u0173, kult\u016bros ir meno srityse. Jis apima:<\/p>\n\n\n\n<ul class=\"wp-block-list\">\n<li>Turizmo fakultet\u0105<\/li>\n\n\n\n<li>Literat\u016bros fakultet\u0105<\/li>\n\n\n\n<li>Finans\u0173 moksl\u0173 fakultet\u0105<\/li>\n\n\n\n<li>Vaizduojam\u0173j\u0173 men\u0173 fakultet\u0105<\/li>\n\n\n\n<li>Teis\u0117s fakultet\u0105<\/li>\n\n\n\n<li>Ekonomikos ir administravimo moksl\u0173 fakultet\u0105<\/li>\n\n\n\n<li>Komunikacijos fakultet\u0105<\/li>\n\n\n\n<li>Islamo moksl\u0173 fakultet\u0105<\/li>\n\n\n\n<li>Meno ir dizaino fakultet\u0105<\/li>\n<\/ul>\n\n\n\n<div class=\"wp-block-buttons is-layout-flex wp-block-buttons-is-layout-flex\">\n<div class=\"wp-block-button is-style-outline is-style-outline--1\" id=\"AnkaraUniBtn\"><a class=\"wp-block-button__link wp-element-button\" href=\"https:\/\/hacibayram.edu.tr\/\" rel=\"https:\/\/hacibayram.edu.tr\/\"><strong>Find out more<\/strong><\/a><\/div>\n<\/div>\n<\/div>\n\n\n\n<div class=\"wp-block-group alignfull has-base-2-background-color has-background is-layout-constrained wp-container-core-group-is-layout-669513ed wp-block-group-is-layout-constrained\" style=\"margin-top:0;margin-bottom:0;padding-top:var(--wp--preset--spacing--50);padding-right:var(--wp--preset--spacing--50);padding-bottom:var(--wp--preset--spacing--50);padding-left:var(--wp--preset--spacing--50)\">\n<div class=\"wp-block-media-text is-stacked-on-mobile\" style=\"grid-template-columns:27% auto\"><figure class=\"wp-block-media-text__media\"><img loading=\"lazy\" decoding=\"async\" width=\"1024\" height=\"724\" src=\"http:\/\/erasmusera.com\/wp-content\/uploads\/2025\/03\/Gozde-Rehabilitation-1-1024x724-1.png\" alt=\"\" class=\"wp-image-172 size-full\" srcset=\"https:\/\/erasmusera.com\/wp-content\/uploads\/2025\/03\/Gozde-Rehabilitation-1-1024x724-1.png 1024w, https:\/\/erasmusera.com\/wp-content\/uploads\/2025\/03\/Gozde-Rehabilitation-1-1024x724-1-300x212.png 300w, https:\/\/erasmusera.com\/wp-content\/uploads\/2025\/03\/Gozde-Rehabilitation-1-1024x724-1-768x543.png 768w\" sizes=\"auto, (max-width: 1024px) 100vw, 1024px\" \/><\/figure><div class=\"wp-block-media-text__content\">\n<p class=\"has-x-large-font-size\">Gozde Rehabilitasyon ve Saglik Hizmetleri Tic. Ltd. Sti.<\/p>\n<\/div><\/div>\n\n\n\n<div class=\"wp-block-columns alignwide is-layout-flex wp-container-core-columns-is-layout-1da03c2a wp-block-columns-is-layout-flex\">\n<div class=\"wp-block-column is-vertically-aligned-stretch is-layout-flow wp-block-column-is-layout-flow\" style=\"flex-basis:50%\">\n<div class=\"wp-block-group is-vertical is-content-justification-stretch is-layout-flex wp-container-core-group-is-layout-444d5ee8 wp-block-group-is-layout-flex\" style=\"min-height:100%\">\n<h2 class=\"wp-block-heading\">Apie<\/h2>\n\n\n\n<p>Ankaroje \u012fsik\u016brusi \u201eG\u00f6zde Rehabilitation and Health Services\u201c yra pirmaujanti sveikatos prie\u017ei\u016bros paslaug\u0173 teik\u0117ja, teikianti auk\u0161tos kokyb\u0117s, \u012f pacient\u0105 orientuot\u0105 reabilitacij\u0105 ir medicinin\u0119 prie\u017ei\u016br\u0105. Vadovaudamasi principu \u201eSVEIKATA PIRMIAUSIA\u201c, m\u016bs\u0173 gydytoj\u0173 specialist\u0173, kineziterapeut\u0173 ir gimining\u0173 sveikatos prie\u017ei\u016bros sri\u010di\u0173 specialist\u0173 komanda u\u017etikrina holistin\u012f po\u017ei\u016br\u012f \u012f gydym\u0105, derindama medicinos \u017einias su u\u017euojauta ir jaukia aplinka. M\u016bs\u0173 ligonin\u0117je teikiamos \u012fvairios paslaugos, \u012fskaitant fizin\u0117s terapijos ir reabilitacijos, paliatyviosios pagalbos, neurologijos, nefrologijos, klinikinio pilateso, dermatologijos, vidaus lig\u0173 ir kt. paslaugas, kurias palaiko pa\u017eang\u016bs diagnostikos ir skubios pagalbos skyriai. Siekdami auk\u0161\u010diausios kokyb\u0117s, grie\u017etai laikom\u0117s Sveikatos apsaugos ministerijos kokyb\u0117s standart\u0173, \u012fgyvendiname grie\u017et\u0105 kokyb\u0117s vadyb\u0105, rizikos vertinim\u0105 ir nuolatinio tobulinimo praktik\u0105, kad padidintume pacient\u0173 saug\u0105 ir paslaug\u0173 efektyvum\u0105.<\/p>\n<\/div>\n<\/div>\n\n\n\n<div class=\"wp-block-column is-vertically-aligned-center is-layout-flow wp-block-column-is-layout-flow\" style=\"flex-basis:50%\">\n<p>Be sveikatos prie\u017ei\u016bros, \u201eG\u00f6zde Rehabilitation\u201c aktyviai dalyvauja moksliniuose tyrimuose, diegia naujoves ir padeda bendruomenei, siekdama tobulinti reabilitacijos metodus ir prisid\u0117ti prie visuomen\u0117s sveikatos iniciatyv\u0173. M\u016bs\u0173 ligonin\u0117 puosel\u0117ja nuolatinio mokymosi ir tarptautinio bendradarbiavimo kult\u016br\u0105, dalyvauja ES projektuose, kuriais siekiama skatinti medicinos pa\u017eang\u0105 ir geriausi\u0105 praktik\u0105 reabilitacijos srityje. Ahmeto YILDIZO vadovaujama patyrusi vadov\u0173 komanda, medicinos ekspertai ir mokslini\u0173 tyrim\u0173 specialistai kartu dirba siekdami diegti naujoves, u\u017etikrinti puikius pacient\u0173 gydymo rezultatus ir formuoti reabilitacijos prie\u017ei\u016bros ateit\u012f.<\/p>\n\n\n\n<div class=\"wp-block-buttons is-layout-flex wp-block-buttons-is-layout-flex\">\n<div class=\"wp-block-button is-style-outline is-style-outline--2\" id=\"AnkaraUniBtn\"><a class=\"wp-block-button__link wp-element-button\" href=\"https:\/\/www.gozderehabilitasyon.com\/\" rel=\"https:\/\/www.gozderehabilitasyon.com\/\"><strong>Find out more<\/strong><\/a><\/div>\n<\/div>\n<\/div>\n<\/div>\n<\/div>\n\n\n\n<div class=\"wp-block-group alignfull has-accent-background-color has-background is-layout-constrained wp-container-core-group-is-layout-669513ed wp-block-group-is-layout-constrained\" style=\"margin-top:0;margin-bottom:0;padding-top:var(--wp--preset--spacing--50);padding-right:var(--wp--preset--spacing--50);padding-bottom:var(--wp--preset--spacing--50);padding-left:var(--wp--preset--spacing--50)\">\n<div class=\"wp-block-group is-layout-constrained wp-block-group-is-layout-constrained\">\n<div class=\"wp-block-media-text is-stacked-on-mobile\" style=\"grid-template-columns:26% auto\"><figure class=\"wp-block-media-text__media\"><img loading=\"lazy\" decoding=\"async\" width=\"150\" height=\"150\" src=\"http:\/\/erasmusera.com\/wp-content\/uploads\/2025\/02\/image-3.png\" alt=\"\" class=\"wp-image-33 size-full\"\/><\/figure><div class=\"wp-block-media-text__content\">\n<p class=\"has-x-large-font-size\">MC MEDICAL LOT<\/p>\n<\/div><\/div>\n<\/div>\n\n\n\n<div class=\"wp-block-columns alignwide is-layout-flex wp-container-core-columns-is-layout-1da03c2a wp-block-columns-is-layout-flex\">\n<div class=\"wp-block-column is-layout-flow wp-block-column-is-layout-flow\">\n<h2 class=\"wp-block-heading\">Apie<\/h2>\n\n\n\n<p>2008 m. gruod\u017eio 17 d. Sofijos mieste \u012fkurtas medicinos centras MEDICAL LOT EOOD yra sveikatos prie\u017ei\u016bros paslaug\u0173 teikimo meistri\u0161kumo \u0161vyturys. MC MEDICAL LOT specializuojasi skubios pagalbos, sveikatingumo iniciatyv\u0173 ir profesin\u0117s sveikatos paslaug\u0173 srityje, \u012fk\u016bnija pa\u017eangios medicinin\u0117s patirties, naujausi\u0173 technologij\u0173 ir u\u017ejau\u010dian\u010dios pacient\u0173 prie\u017ei\u016bros integracij\u0105. \u201eMC MEDICAL LOT\u201c i\u0161siskiria nepalau\u017eiamu \u012fsipareigojimu siekti meistri\u0161kumo, kur\u012f lemia daugyb\u0117 veiksni\u0173, bendrai prisidedan\u010di\u0173 prie puikios prie\u017ei\u016bros lyderio reputacijos. Pirma, centras gali pasigirti daugiau nei 15 met\u0173 ne\u012fkainojama patirtimi, kuri liudija apie jo nebl\u0117stant\u012f atsidavim\u0105 teikti bendruomenei auk\u0161\u010diausius medicinin\u0117s prie\u017ei\u016bros standartus atitinkan\u010dias paslaugas. \u0160i\u0105 turting\u0105 patirt\u012f dar labiau praturtina centro bendradarbiaujantis medicinos \u0161viesuoli\u0173 tinklas, kur\u012f sudaro gydytojai, specialistai ir ekspertai i\u0161 garsi\u0173 medicinos universitet\u0173, ligonini\u0173 ir \u012fstaig\u0173. Pasitelkdamas strategines partnerystes, MC MEDICAL LOT u\u017etikrina prieig\u0105 prie \u012fvairi\u0173 perspektyv\u0173, pa\u017eangiausi\u0173 mokslini\u0173 tyrim\u0173 ir specializuot\u0173 \u017eini\u0173, taip praturtindamas savo diagnostikos ir gydymo galimybes.<\/p>\n\n\n\n<p><br>Tur\u0117damas moderniausi\u0105 diagnostin\u0119 \u012frang\u0105 ir \u0161iuolaikines medicinos priemones, centras i\u0161lieka medicinos pa\u017eangos avangarde, tod\u0117l jo sveikatos prie\u017ei\u016bros specialist\u0173 komanda gali nustatyti tikslias diagnozes ir sudaryti individualius gydymo planus, pritaikytus kiekvieno paciento unikaliems poreikiams. MC MEDICAL LOT glaud\u017eiai bendradarbiauja su LOT-CONSULT, \u017eymiu darbo medicinos paslaug\u0173 teik\u0117ju ir sveikatos ir saugos darbe skatinimo novatoriu visoje Bulgarijoje.<\/p>\n\n\n\n<div class=\"wp-block-buttons is-layout-flex wp-block-buttons-is-layout-flex\">\n<div class=\"wp-block-button is-style-outline is-style-outline--3\" id=\"AnkaraUniBtn\"><a class=\"wp-block-button__link wp-element-button\" href=\"https:\/\/medical-lot.com\/\" rel=\"https:\/\/medical-lot.com\/\"><strong>Find out more<\/strong><\/a><\/div>\n<\/div>\n<\/div>\n<\/div>\n<\/div>\n\n\n\n<div class=\"wp-block-group alignfull has-accent-background-color has-background is-layout-constrained wp-container-core-group-is-layout-669513ed wp-block-group-is-layout-constrained\" style=\"margin-top:0;margin-bottom:0;padding-top:var(--wp--preset--spacing--50);padding-right:var(--wp--preset--spacing--50);padding-bottom:var(--wp--preset--spacing--50);padding-left:var(--wp--preset--spacing--50)\">\n<div class=\"wp-block-group is-layout-constrained wp-block-group-is-layout-constrained\">\n<div class=\"wp-block-media-text is-stacked-on-mobile\" style=\"grid-template-columns:26% auto\"><figure class=\"wp-block-media-text__media\"><img loading=\"lazy\" decoding=\"async\" width=\"234\" height=\"335\" src=\"http:\/\/erasmusera.com\/wp-content\/uploads\/2025\/02\/image-4.png\" alt=\"\" class=\"wp-image-41 size-full\" srcset=\"https:\/\/erasmusera.com\/wp-content\/uploads\/2025\/02\/image-4.png 234w, https:\/\/erasmusera.com\/wp-content\/uploads\/2025\/02\/image-4-210x300.png 210w\" sizes=\"auto, (max-width: 234px) 100vw, 234px\" \/><\/figure><div class=\"wp-block-media-text__content\">\n<p class=\"has-x-large-font-size\">State Psychiatric Hospital &#8220;St. Ivan Rilski&#8221;<\/p>\n<\/div><\/div>\n<\/div>\n\n\n\n<div class=\"wp-block-columns alignwide is-layout-flex wp-container-core-columns-is-layout-1da03c2a wp-block-columns-is-layout-flex\">\n<div class=\"wp-block-column is-layout-flow wp-block-column-is-layout-flow\">\n<h2 class=\"wp-block-heading\">Apie<\/h2>\n\n\n\n<p>Valstybin\u0117 psichiatrijos ligonin\u0117 \u201eSt.Ivan Rilski\u201c buvo \u012fkurta 1949 m. Tai tre\u010dia pagal lov\u0173 skai\u010di\u0173 psichiatrijos ligonin\u0117 Bulgarijoje. Ji pastatyta paviljono principu. Ligonin\u0117je gydomi \u016bmia ir l\u0117tine psichikos liga sergantys pacientai, \u012fgyvendinamos reabilitacijos ir socialin\u0117s programos, atliekamos ekspertin\u0117s u\u017eduotys.<\/p>\n\n\n\n<p><br>Ligonin\u0117 yra vieta, kurioje teikiama pagalba tiems, kuriems jos reikia, ir b\u016btina visos visuomen\u0117s parama r\u016bpinantis psichikos ligoniais. Tai gydymo ir reabilitacijos \u012fstaiga, kurioje taikomi naujausi medicinos praktikos pasiekimai. \u010cia pacientai taip pat gauna palanki\u0105 aplink\u0105, kuri jiems taip pat labai svarbi.<\/p>\n\n\n\n<div class=\"wp-block-buttons is-layout-flex wp-block-buttons-is-layout-flex\">\n<div class=\"wp-block-button is-style-outline is-style-outline--4\" id=\"AnkaraUniBtn\"><a class=\"wp-block-button__link wp-element-button\" href=\"https:\/\/www.dpbivanrilski.com\/\"><strong>Find out more<\/strong><\/a><\/div>\n<\/div>\n<\/div>\n<\/div>\n<\/div>\n\n\n\n<div class=\"wp-block-group alignfull has-accent-background-color has-background is-layout-constrained wp-container-core-group-is-layout-669513ed wp-block-group-is-layout-constrained\" style=\"margin-top:0;margin-bottom:0;padding-top:var(--wp--preset--spacing--50);padding-right:var(--wp--preset--spacing--50);padding-bottom:var(--wp--preset--spacing--50);padding-left:var(--wp--preset--spacing--50)\">\n<div class=\"wp-block-group is-layout-constrained wp-block-group-is-layout-constrained\">\n<div class=\"wp-block-media-text is-stacked-on-mobile\" style=\"grid-template-columns:31% auto\"><figure class=\"wp-block-media-text__media\"><img loading=\"lazy\" decoding=\"async\" width=\"1024\" height=\"724\" src=\"http:\/\/erasmusera.com\/wp-content\/uploads\/2025\/03\/ERCC-logo-01-1024x724.png\" alt=\"\" class=\"wp-image-173 size-full\" srcset=\"https:\/\/erasmusera.com\/wp-content\/uploads\/2025\/03\/ERCC-logo-01-1024x724.png 1024w, https:\/\/erasmusera.com\/wp-content\/uploads\/2025\/03\/ERCC-logo-01-300x212.png 300w, https:\/\/erasmusera.com\/wp-content\/uploads\/2025\/03\/ERCC-logo-01-768x543.png 768w, https:\/\/erasmusera.com\/wp-content\/uploads\/2025\/03\/ERCC-logo-01-1536x1086.png 1536w, https:\/\/erasmusera.com\/wp-content\/uploads\/2025\/03\/ERCC-logo-01-2048x1448.png 2048w\" sizes=\"auto, (max-width: 1024px) 100vw, 1024px\" \/><\/figure><div class=\"wp-block-media-text__content\">\n<p class=\"has-x-large-font-size\">Viesoji istaiga &#8220;Svietimo, tyrimu ir konsultaciju centras&#8221;<\/p>\n<\/div><\/div>\n<\/div>\n\n\n\n<div class=\"wp-block-columns alignwide is-layout-flex wp-container-core-columns-is-layout-1da03c2a wp-block-columns-is-layout-flex\">\n<div class=\"wp-block-column is-layout-flow wp-block-column-is-layout-flow\">\n<h2 class=\"wp-block-heading\">Apie<\/h2>\n\n\n\n<p>\u0160vietimo, tyrim\u0173 ir konsultacij\u0173 centras (ERCC) yra nevyriausybin\u0117, pelno nesiekianti suaugusi\u0173j\u0173 \u0161vietimo \u012fstaiga, veikianti Vakar\u0173 Lietuvoje nuo 2006 m. \u012estaig\u0105 \u012fk\u016br\u0117 grup\u0117 universitet\u0173 d\u0117stytoj\u0173 ir mokslinink\u0173, siekdami mokyti ir atlikti mokslinius tyrimus suaugusiesiems i\u0161 verslo \u012fmoni\u0173, vyriausybini\u0173 organizacij\u0173, \u0161vietimo \u012fstaig\u0173 ir nevyriausybini\u0173 organizacij\u0173. ERCC specialistai ir laisvai samdomi lektoriai veda praktinius seminarus \u0161iomis temomis: streso valdymo, nerimo ma\u017einimo, efektyvaus bendravimo, konflikt\u0173 ir problem\u0173 sprendimo, komandos formavimo, k\u016brybinio m\u0105stymo, laiko valdymo, lyderyst\u0117s, projekt\u0173 valdymo, kart\u0173 kaitos klausim\u0173 ir daugeliu kit\u0173.\u00a0<\/p>\n\n\n\n<div class=\"wp-block-buttons is-layout-flex wp-block-buttons-is-layout-flex\">\n<div class=\"wp-block-button is-style-outline is-style-outline--5\" id=\"AnkaraUniBtn\"><a class=\"wp-block-button__link wp-element-button\" href=\"http:\/\/www.ercc.lt\/\"><strong>Find out more<\/strong><\/a><\/div>\n<\/div>\n<\/div>\n<\/div>\n<\/div>\n\n\n\n<p><\/p>\n","protected":false},"excerpt":{"rendered":"<p>Ankara Hac\u0131 Bayram Veli University Apie Ankaros Hac\u0131 Bayram Veli universitetas (AHBVU) buvo atskirtas nuo Ankaros Gazi universiteto 2018 m. [&hellip;]<\/p>\n","protected":false},"author":2,"featured_media":0,"parent":0,"menu_order":0,"comment_status":"closed","ping_status":"closed","template":"","meta":{"site-sidebar-layout":"default","site-content-layout":"","ast-site-content-layout":"","site-content-style":"default","site-sidebar-style":"default","ast-global-header-display":"","ast-banner-title-visibility":"","ast-main-header-display":"","ast-hfb-above-header-display":"","ast-hfb-below-header-display":"","ast-hfb-mobile-header-display":"","site-post-title":"","ast-breadcrumbs-content":"","ast-featured-img":"","footer-sml-layout":"","theme-transparent-header-meta":"","adv-header-id-meta":"","stick-header-meta":"","header-above-stick-meta":"","header-main-stick-meta":"","header-below-stick-meta":"","astra-migrate-meta-layouts":"default","ast-page-background-enabled":"default","ast-page-background-meta":{"desktop":{"background-color":"var(--ast-global-color-5)","background-image":"","background-repeat":"repeat","background-position":"center center","background-size":"auto","background-attachment":"scroll","background-type":"","background-media":"","overlay-type":"","overlay-color":"","overlay-opacity":"","overlay-gradient":""},"tablet":{"background-color":"","background-image":"","background-repeat":"repeat","background-position":"center center","background-size":"auto","background-attachment":"scroll","background-type":"","background-media":"","overlay-type":"","overlay-color":"","overlay-opacity":"","overlay-gradient":""},"mobile":{"background-color":"","background-image":"","background-repeat":"repeat","background-position":"center center","background-size":"auto","background-attachment":"scroll","background-type":"","background-media":"","overlay-type":"","overlay-color":"","overlay-opacity":"","overlay-gradient":""}},"ast-content-background-meta":{"desktop":{"background-color":"var(--ast-global-color-4)","background-image":"","background-repeat":"repeat","background-position":"center center","background-size":"auto","background-attachment":"scroll","background-type":"","background-media":"","overlay-type":"","overlay-color":"","overlay-opacity":"","overlay-gradient":""},"tablet":{"background-color":"var(--ast-global-color-4)","background-image":"","background-repeat":"repeat","background-position":"center center","background-size":"auto","background-attachment":"scroll","background-type":"","background-media":"","overlay-type":"","overlay-color":"","overlay-opacity":"","overlay-gradient":""},"mobile":{"background-color":"var(--ast-global-color-4)","background-image":"","background-repeat":"repeat","background-position":"center center","background-size":"auto","background-attachment":"scroll","background-type":"","background-media":"","overlay-type":"","overlay-color":"","overlay-opacity":"","overlay-gradient":""}},"footnotes":""},"class_list":["post-284","page","type-page","status-publish","hentry"],"jetpack_sharing_enabled":true,"_links":{"self":[{"href":"https:\/\/erasmusera.com\/index.php?rest_route=\/wp\/v2\/pages\/284","targetHints":{"allow":["GET"]}}],"collection":[{"href":"https:\/\/erasmusera.com\/index.php?rest_route=\/wp\/v2\/pages"}],"about":[{"href":"https:\/\/erasmusera.com\/index.php?rest_route=\/wp\/v2\/types\/page"}],"author":[{"embeddable":true,"href":"https:\/\/erasmusera.com\/index.php?rest_route=\/wp\/v2\/users\/2"}],"replies":[{"embeddable":true,"href":"https:\/\/erasmusera.com\/index.php?rest_route=%2Fwp%2Fv2%2Fcomments&post=284"}],"version-history":[{"count":1,"href":"https:\/\/erasmusera.com\/index.php?rest_route=\/wp\/v2\/pages\/284\/revisions"}],"predecessor-version":[{"id":285,"href":"https:\/\/erasmusera.com\/index.php?rest_route=\/wp\/v2\/pages\/284\/revisions\/285"}],"wp:attachment":[{"href":"https:\/\/erasmusera.com\/index.php?rest_route=%2Fwp%2Fv2%2Fmedia&parent=284"}],"curies":[{"name":"wp","href":"https:\/\/api.w.org\/{rel}","templated":true}]}}