{"id":310,"date":"2025-03-25T13:36:10","date_gmt":"2025-03-25T13:36:10","guid":{"rendered":"http:\/\/erasmusera.com\/?page_id=310"},"modified":"2026-02-17T13:03:15","modified_gmt":"2026-02-17T13:03:15","slug":"naujienos","status":"publish","type":"page","link":"https:\/\/erasmusera.com\/?page_id=310&lang=lt","title":{"rendered":"Naujienos"},"content":{"rendered":"\n<div class=\"wp-block-columns is-layout-flex wp-container-core-columns-is-layout-28f84493 wp-block-columns-is-layout-flex\">\n<div class=\"wp-block-column is-layout-flow wp-block-column-is-layout-flow\" style=\"flex-basis:33.33%\"><a href=\"https:\/\/erasmusera.com\/wp-content\/uploads\/2026\/02\/LITHUANIAN-ERA-2nd-Newsletter.pdf\" class=\"pdfemb-viewer\" style=\"\" data-width=\"max\" data-height=\"max\" data-toolbar=\"bottom\" data-toolbar-fixed=\"off\">LITHUANIAN-ERA-2nd-Newsletter<\/a><\/div>\n\n\n\n<div class=\"wp-block-column is-layout-flow wp-block-column-is-layout-flow\" style=\"flex-basis:66.66%\">\n<p><strong>PASIEKTA PROJEKTO GAIR\u0116<\/strong><\/p>\n\n\n\n<p>TYRIMAS APIE VYRESNIO AM\u017dIAUS \u017dMONI\u0172 KOGNITYVINIUS POREIKIUS<\/p>\n\n\n\n<p>Ankaros Haci Bayram Veli universiteto vadovaujamas ERA projektas s\u0117kmingai u\u017ebaig\u0117 reik\u0161ming\u0105 mokslin\u012f tyrim\u0105 (2-asis darbo paketas, A2.1 rezultatas).<\/p>\n\n\n\n<ul class=\"wp-block-list\">\n<li><strong>Tikslin\u0117 grup\u0117<\/strong>: vyresnio am\u017eiaus \u017emon\u0117s, vyresni nei 65 met\u0173.<\/li>\n\n\n\n<li><strong>Metodologija<\/strong>: Trijose partneri\u0173 \u0161alyse buvo naudojamas kognityvini\u0173 funkcij\u0173 sav\u0119s vertinimo klausimynas, atliktas internetu ir gyvai.<\/li>\n\n\n\n<li><strong>Tikslas<\/strong>: surinkti pagr\u012fstus duomenis apie dalyvi\u0173 kognityvines funkcijas, atmint\u012f, d\u0117mes\u012f ir problem\u0173 sprendimo \u012fg\u016bd\u017eius, siekiant u\u017etikrinti, kad projekto terapiniai moduliai b\u016bt\u0173 sukurti atsi\u017evelgiant \u012f realius poreikius.<\/li>\n<\/ul>\n\n\n\n<p>I\u0161sami\u0105 anket\u0105 pareng\u0117 Valstybin\u0117 psichiatrijos ligonin\u0117 \u201e\u0160v. Ivano Rilskio\u201c (Bulgarija), bendradarbiaudama su Turkijos ir Lietuvos partneriais.<\/p>\n<\/div>\n<\/div>\n\n\n\n<div data-wp-interactive=\"core\/file\" class=\"wp-block-file\"><object data-wp-bind--hidden=\"!state.hasPdfPreview\" hidden class=\"wp-block-file__embed\" data=\"http:\/\/erasmusera.com\/wp-content\/uploads\/2025\/03\/ERA-1st-Newsletter-LT.pdf\" type=\"application\/pdf\" style=\"width:100%;height:600px\" aria-label=\"Embed of ERA 1st Newsletter LT.\"><\/object><a id=\"wp-block-file--media-934ebad8-46e5-484d-8855-f2278837dcb3\" href=\"http:\/\/erasmusera.com\/wp-content\/uploads\/2025\/03\/ERA-1st-Newsletter-LT.pdf\">ERA 1st Newsletter LT<\/a><a href=\"http:\/\/erasmusera.com\/wp-content\/uploads\/2025\/03\/ERA-1st-Newsletter-LT.pdf\" class=\"wp-block-file__button wp-element-button\" download aria-describedby=\"wp-block-file--media-934ebad8-46e5-484d-8855-f2278837dcb3\">Download<\/a><\/div>\n\n\n\n<p><\/p>\n","protected":false},"excerpt":{"rendered":"<p>PASIEKTA PROJEKTO GAIR\u0116 TYRIMAS APIE VYRESNIO AM\u017dIAUS \u017dMONI\u0172 KOGNITYVINIUS POREIKIUS Ankaros Haci Bayram Veli universiteto vadovaujamas ERA projektas s\u0117kmingai u\u017ebaig\u0117 [&hellip;]<\/p>\n","protected":false},"author":2,"featured_media":0,"parent":0,"menu_order":0,"comment_status":"closed","ping_status":"closed","template":"","meta":{"site-sidebar-layout":"default","site-content-layout":"","ast-site-content-layout":"","site-content-style":"default","site-sidebar-style":"default","ast-global-header-display":"","ast-banner-title-visibility":"","ast-main-header-display":"","ast-hfb-above-header-display":"","ast-hfb-below-header-display":"","ast-hfb-mobile-header-display":"","site-post-title":"","ast-breadcrumbs-content":"","ast-featured-img":"","footer-sml-layout":"","theme-transparent-header-meta":"","adv-header-id-meta":"","stick-header-meta":"","header-above-stick-meta":"","header-main-stick-meta":"","header-below-stick-meta":"","astra-migrate-meta-layouts":"default","ast-page-background-enabled":"default","ast-page-background-meta":{"desktop":{"background-color":"var(--ast-global-color-5)","background-image":"","background-repeat":"repeat","background-position":"center center","background-size":"auto","background-attachment":"scroll","background-type":"","background-media":"","overlay-type":"","overlay-color":"","overlay-opacity":"","overlay-gradient":""},"tablet":{"background-color":"","background-image":"","background-repeat":"repeat","background-position":"center center","background-size":"auto","background-attachment":"scroll","background-type":"","background-media":"","overlay-type":"","overlay-color":"","overlay-opacity":"","overlay-gradient":""},"mobile":{"background-color":"","background-image":"","background-repeat":"repeat","background-position":"center center","background-size":"auto","background-attachment":"scroll","background-type":"","background-media":"","overlay-type":"","overlay-color":"","overlay-opacity":"","overlay-gradient":""}},"ast-content-background-meta":{"desktop":{"background-color":"var(--ast-global-color-4)","background-image":"","background-repeat":"repeat","background-position":"center center","background-size":"auto","background-attachment":"scroll","background-type":"","background-media":"","overlay-type":"","overlay-color":"","overlay-opacity":"","overlay-gradient":""},"tablet":{"background-color":"var(--ast-global-color-4)","background-image":"","background-repeat":"repeat","background-position":"center center","background-size":"auto","background-attachment":"scroll","background-type":"","background-media":"","overlay-type":"","overlay-color":"","overlay-opacity":"","overlay-gradient":""},"mobile":{"background-color":"var(--ast-global-color-4)","background-image":"","background-repeat":"repeat","background-position":"center center","background-size":"auto","background-attachment":"scroll","background-type":"","background-media":"","overlay-type":"","overlay-color":"","overlay-opacity":"","overlay-gradient":""}},"footnotes":""},"class_list":["post-310","page","type-page","status-publish","hentry"],"jetpack_sharing_enabled":true,"_links":{"self":[{"href":"https:\/\/erasmusera.com\/index.php?rest_route=\/wp\/v2\/pages\/310","targetHints":{"allow":["GET"]}}],"collection":[{"href":"https:\/\/erasmusera.com\/index.php?rest_route=\/wp\/v2\/pages"}],"about":[{"href":"https:\/\/erasmusera.com\/index.php?rest_route=\/wp\/v2\/types\/page"}],"author":[{"embeddable":true,"href":"https:\/\/erasmusera.com\/index.php?rest_route=\/wp\/v2\/users\/2"}],"replies":[{"embeddable":true,"href":"https:\/\/erasmusera.com\/index.php?rest_route=%2Fwp%2Fv2%2Fcomments&post=310"}],"version-history":[{"count":3,"href":"https:\/\/erasmusera.com\/index.php?rest_route=\/wp\/v2\/pages\/310\/revisions"}],"predecessor-version":[{"id":358,"href":"https:\/\/erasmusera.com\/index.php?rest_route=\/wp\/v2\/pages\/310\/revisions\/358"}],"wp:attachment":[{"href":"https:\/\/erasmusera.com\/index.php?rest_route=%2Fwp%2Fv2%2Fmedia&parent=310"}],"curies":[{"name":"wp","href":"https:\/\/api.w.org\/{rel}","templated":true}]}}