{"id":313,"date":"2025-03-25T13:37:15","date_gmt":"2025-03-25T13:37:15","guid":{"rendered":"http:\/\/erasmusera.com\/?page_id=313"},"modified":"2026-02-17T13:07:18","modified_gmt":"2026-02-17T13:07:18","slug":"haberler","status":"publish","type":"page","link":"https:\/\/erasmusera.com\/?page_id=313&lang=tr","title":{"rendered":"Haberler"},"content":{"rendered":"\n<div class=\"wp-block-columns is-layout-flex wp-container-core-columns-is-layout-28f84493 wp-block-columns-is-layout-flex\">\n<div class=\"wp-block-column is-layout-flow wp-block-column-is-layout-flow\" style=\"flex-basis:33.33%\"><a href=\"https:\/\/erasmusera.com\/wp-content\/uploads\/2026\/02\/TURKISH-ERA-2nd-Newsletter-1.pdf\" class=\"pdfemb-viewer\" style=\"\" data-width=\"max\" data-height=\"max\" data-toolbar=\"bottom\" data-toolbar-fixed=\"off\">TURKISH-ERA-2nd-Newsletter-1<\/a><\/div>\n\n\n\n<div class=\"wp-block-column is-layout-flow wp-block-column-is-layout-flow\" style=\"flex-basis:66.66%\">\n<p><strong>PROJE K\u0130LOMETRE TA\u015eINA ULA\u015eILDI<\/strong><\/p>\n\n\n\n<p>YA\u015eLILARIN B\u0130L\u0130\u015eSEL \u0130HT\u0130YA\u00c7LARI \u00dcZER\u0130NE ARA\u015eTIRMA TAMAMLANDI!<\/p>\n\n\n\n<p>Ankara Hac\u0131 Bayram Veli \u00dcniversitesi \u00f6nc\u00fcl\u00fc\u011f\u00fcnde y\u00fcr\u00fct\u00fclen ERA Projesi, \u00f6nemli bir bilimsel ara\u015ft\u0131rma<br>\u00e7al\u0131\u015fmas\u0131n\u0131 ba\u015far\u0131yla tamamlam\u0131\u015ft\u0131r (\u0130\u015f Paketi n\u00b02, Teslimat A2.1).<\/p>\n\n\n\n<ul class=\"wp-block-list\">\n<li>Hedef Grup: 65 ya\u015f \u00fcst\u00fc ya\u015fl\u0131 n\u00fcfus.<\/li>\n\n\n\n<li>Metodoloji: Bili\u015fsel \u0130\u015flevler i\u00e7in bir \u00d6z De\u011ferlendirme Anketi, \u00fc\u00e7 ortak \u00fclkede hem \u00e7evrimi\u00e7i hem de y\u00fcz y\u00fcze uyguland\u0131.<\/li>\n\n\n\n<li>Ama\u00e7: Projenin terap\u00f6tik mod\u00fcllerinin ger\u00e7ek ihtiya\u00e7lar \u00fczerine in\u015fa edilmesini sa\u011flamak i\u00e7in kat\u0131l\u0131mc\u0131lar\u0131n bili\u015fsel i\u015flevleri, haf\u0131za, dikkat ve problem \u00e7\u00f6zme becerileri hakk\u0131nda ge\u00e7erli veriler toplamak.<\/li>\n<\/ul>\n\n\n\n<p>Kapsaml\u0131 anket, &#8220;St. Ivan Rilski&#8221; Devlet Psikiyatri Hastanesi (Bulgaristan) taraf\u0131ndan T\u00fcrk ve Litvanyal\u0131 ortaklarla i\u015f birli\u011fi i\u00e7inde geli\u015ftirilmi\u015ftir.<\/p>\n<\/div>\n<\/div>\n\n\n\n<div data-wp-interactive=\"core\/file\" class=\"wp-block-file\"><object data-wp-bind--hidden=\"!state.hasPdfPreview\" hidden class=\"wp-block-file__embed\" data=\"http:\/\/erasmusera.com\/wp-content\/uploads\/2025\/03\/ERA-1st-Newsletter-Turkish-Version.pdf\" type=\"application\/pdf\" style=\"width:100%;height:600px\" aria-label=\"Embed of ERA 1st Newsletter  Turkish Version.\"><\/object><a id=\"wp-block-file--media-7b6192fa-ee40-4404-906f-7813a7ee4e91\" href=\"http:\/\/erasmusera.com\/wp-content\/uploads\/2025\/03\/ERA-1st-Newsletter-Turkish-Version.pdf\">ERA 1st Newsletter  Turkish Version<\/a><a href=\"http:\/\/erasmusera.com\/wp-content\/uploads\/2025\/03\/ERA-1st-Newsletter-Turkish-Version.pdf\" class=\"wp-block-file__button wp-element-button\" download aria-describedby=\"wp-block-file--media-7b6192fa-ee40-4404-906f-7813a7ee4e91\">Download<\/a><\/div>\n","protected":false},"excerpt":{"rendered":"<p>PROJE K\u0130LOMETRE TA\u015eINA ULA\u015eILDI YA\u015eLILARIN B\u0130L\u0130\u015eSEL \u0130HT\u0130YA\u00c7LARI \u00dcZER\u0130NE ARA\u015eTIRMA TAMAMLANDI! Ankara Hac\u0131 Bayram Veli \u00dcniversitesi \u00f6nc\u00fcl\u00fc\u011f\u00fcnde y\u00fcr\u00fct\u00fclen ERA Projesi, \u00f6nemli [&hellip;]<\/p>\n","protected":false},"author":2,"featured_media":0,"parent":0,"menu_order":0,"comment_status":"closed","ping_status":"closed","template":"","meta":{"site-sidebar-layout":"default","site-content-layout":"","ast-site-content-layout":"","site-content-style":"default","site-sidebar-style":"default","ast-global-header-display":"","ast-banner-title-visibility":"","ast-main-header-display":"","ast-hfb-above-header-display":"","ast-hfb-below-header-display":"","ast-hfb-mobile-header-display":"","site-post-title":"","ast-breadcrumbs-content":"","ast-featured-img":"","footer-sml-layout":"","theme-transparent-header-meta":"","adv-header-id-meta":"","stick-header-meta":"","header-above-stick-meta":"","header-main-stick-meta":"","header-below-stick-meta":"","astra-migrate-meta-layouts":"default","ast-page-background-enabled":"default","ast-page-background-meta":{"desktop":{"background-color":"var(--ast-global-color-5)","background-image":"","background-repeat":"repeat","background-position":"center center","background-size":"auto","background-attachment":"scroll","background-type":"","background-media":"","overlay-type":"","overlay-color":"","overlay-opacity":"","overlay-gradient":""},"tablet":{"background-color":"","background-image":"","background-repeat":"repeat","background-position":"center center","background-size":"auto","background-attachment":"scroll","background-type":"","background-media":"","overlay-type":"","overlay-color":"","overlay-opacity":"","overlay-gradient":""},"mobile":{"background-color":"","background-image":"","background-repeat":"repeat","background-position":"center center","background-size":"auto","background-attachment":"scroll","background-type":"","background-media":"","overlay-type":"","overlay-color":"","overlay-opacity":"","overlay-gradient":""}},"ast-content-background-meta":{"desktop":{"background-color":"var(--ast-global-color-4)","background-image":"","background-repeat":"repeat","background-position":"center center","background-size":"auto","background-attachment":"scroll","background-type":"","background-media":"","overlay-type":"","overlay-color":"","overlay-opacity":"","overlay-gradient":""},"tablet":{"background-color":"var(--ast-global-color-4)","background-image":"","background-repeat":"repeat","background-position":"center center","background-size":"auto","background-attachment":"scroll","background-type":"","background-media":"","overlay-type":"","overlay-color":"","overlay-opacity":"","overlay-gradient":""},"mobile":{"background-color":"var(--ast-global-color-4)","background-image":"","background-repeat":"repeat","background-position":"center center","background-size":"auto","background-attachment":"scroll","background-type":"","background-media":"","overlay-type":"","overlay-color":"","overlay-opacity":"","overlay-gradient":""}},"footnotes":""},"class_list":["post-313","page","type-page","status-publish","hentry"],"jetpack_sharing_enabled":true,"_links":{"self":[{"href":"https:\/\/erasmusera.com\/index.php?rest_route=\/wp\/v2\/pages\/313","targetHints":{"allow":["GET"]}}],"collection":[{"href":"https:\/\/erasmusera.com\/index.php?rest_route=\/wp\/v2\/pages"}],"about":[{"href":"https:\/\/erasmusera.com\/index.php?rest_route=\/wp\/v2\/types\/page"}],"author":[{"embeddable":true,"href":"https:\/\/erasmusera.com\/index.php?rest_route=\/wp\/v2\/users\/2"}],"replies":[{"embeddable":true,"href":"https:\/\/erasmusera.com\/index.php?rest_route=%2Fwp%2Fv2%2Fcomments&post=313"}],"version-history":[{"count":2,"href":"https:\/\/erasmusera.com\/index.php?rest_route=\/wp\/v2\/pages\/313\/revisions"}],"predecessor-version":[{"id":361,"href":"https:\/\/erasmusera.com\/index.php?rest_route=\/wp\/v2\/pages\/313\/revisions\/361"}],"wp:attachment":[{"href":"https:\/\/erasmusera.com\/index.php?rest_route=%2Fwp%2Fv2%2Fmedia&parent=313"}],"curies":[{"name":"wp","href":"https:\/\/api.w.org\/{rel}","templated":true}]}}