{"id":66,"date":"2025-02-19T23:48:55","date_gmt":"2025-02-19T23:48:55","guid":{"rendered":"http:\/\/erasmusera.com\/?page_id=66"},"modified":"2025-03-05T14:46:16","modified_gmt":"2025-03-05T14:46:16","slug":"mobile-art-therapy-clinic","status":"publish","type":"page","link":"https:\/\/erasmusera.com\/?page_id=66&lang=tr","title":{"rendered":"Mobil Sanat Terapi Klini\u011fi"},"content":{"rendered":"\n<div class=\"wp-block-group alignfull has-base-2-background-color has-background is-layout-constrained wp-container-core-group-is-layout-669513ed wp-block-group-is-layout-constrained\" style=\"margin-top:0;margin-bottom:0;padding-top:var(--wp--preset--spacing--50);padding-right:var(--wp--preset--spacing--50);padding-bottom:var(--wp--preset--spacing--50);padding-left:var(--wp--preset--spacing--50)\">\n<div class=\"wp-block-group is-vertical is-content-justification-center is-layout-flex wp-container-core-group-is-layout-52b864f0 wp-block-group-is-layout-flex\">\n<div style=\"height:0px\" aria-hidden=\"true\" class=\"wp-block-spacer wp-container-content-4f2ccadb\"><\/div>\n\n\n\n<p class=\"has-text-align-center\">\u0130\u015f paketi, k\u0131rsal alanlardaki ya\u015fl\u0131 bireylere terap\u00f6tik hizmetler sunmak i\u00e7in sanat terapisi kaynaklar\u0131yla donat\u0131lm\u0131\u015f bir mobil klinik tasarlamay\u0131 ve kurmay\u0131 ama\u00e7lamaktad\u0131r. Bu, uzak yerlerdeki sanat terapisi seanslar\u0131 i\u00e7in gerekli ekipmanla bir arac\u0131 veya r\u00f6morku donatmay\u0131 i\u00e7erir.<\/p>\n<\/div>\n\n\n\n<div style=\"margin-top:0;margin-bottom:0;height:var(--wp--preset--spacing--40)\" aria-hidden=\"true\" class=\"wp-block-spacer\"><\/div>\n\n\n\n<hr class=\"wp-block-separator has-alpha-channel-opacity\"\/>\n\n\n\n<div class=\"wp-block-group alignwide is-layout-constrained wp-block-group-is-layout-constrained\">\n<div class=\"wp-block-group is-vertical is-content-justification-center is-layout-flex wp-container-core-group-is-layout-52b864f0 wp-block-group-is-layout-flex\">\n<h2 class=\"wp-block-heading\">Ama\u00e7lar<\/h2>\n<\/div>\n\n\n\n<div style=\"margin-top:0;margin-bottom:0;height:var(--wp--preset--spacing--40)\" aria-hidden=\"true\" class=\"wp-block-spacer\"><\/div>\n\n\n\n<div class=\"wp-block-columns alignwide is-layout-flex wp-container-core-columns-is-layout-d0bbbce0 wp-block-columns-is-layout-flex\">\n<div class=\"wp-block-column is-layout-flow wp-container-core-column-is-layout-e3d1c41b wp-block-column-is-layout-flow\">\n<h3 class=\"wp-block-heading has-text-align-left is-style-default has-body-font-family has-medium-font-size\" style=\"font-style:normal;font-weight:600\">1. Mobil Sanat Terapisi Klini\u011fi (ATC) geli\u015ftirin<\/h3>\n<\/div>\n\n\n\n<div class=\"wp-block-column is-layout-flow wp-container-core-column-is-layout-e3d1c41b wp-block-column-is-layout-flow\">\n<h3 class=\"wp-block-heading has-text-align-left is-style-default has-body-font-family has-medium-font-size\" style=\"font-style:normal;font-weight:600\">2. Sanat Terapisi Hizmetlerine Eri\u015fimi Geni\u015fletin<\/h3>\n<\/div>\n\n\n\n<div class=\"wp-block-column is-layout-flow wp-container-core-column-is-layout-e3d1c41b wp-block-column-is-layout-flow\">\n<h3 class=\"wp-block-heading has-text-align-left is-style-default has-body-font-family has-medium-font-size\" style=\"font-style:normal;font-weight:600\">3. Yerinde Sanat Terapisi Seanslar\u0131 Sa\u011flay\u0131n<\/h3>\n<\/div>\n<\/div>\n\n\n\n<div style=\"height:var(--wp--preset--spacing--20)\" aria-hidden=\"true\" class=\"wp-block-spacer\"><\/div>\n\n\n\n<div class=\"wp-block-columns alignwide is-layout-flex wp-container-core-columns-is-layout-d0bbbce0 wp-block-columns-is-layout-flex\">\n<div class=\"wp-block-column is-layout-flow wp-container-core-column-is-layout-e3d1c41b wp-block-column-is-layout-flow\">\n<h3 class=\"wp-block-heading has-text-align-left is-style-default has-body-font-family has-medium-font-size\" style=\"font-style:normal;font-weight:600\">4. Topluluk Kat\u0131l\u0131m\u0131n\u0131 Te\u015fvik Edin<\/h3>\n<\/div>\n\n\n\n<div class=\"wp-block-column is-layout-flow wp-container-core-column-is-layout-e3d1c41b wp-block-column-is-layout-flow\">\n<h3 class=\"wp-block-heading has-text-align-left is-style-default has-body-font-family has-medium-font-size\" style=\"font-style:normal;font-weight:600\">5. Etkiyi ve Etkinli\u011fi De\u011ferlendirin<\/h3>\n<\/div>\n<\/div>\n<\/div>\n\n\n\n<p><\/p>\n\n\n\n<div style=\"margin-top:0;margin-bottom:0;height:var(--wp--preset--spacing--40)\" aria-hidden=\"true\" class=\"wp-block-spacer\"><\/div>\n\n\n\n<div class=\"wp-block-group alignwide is-layout-constrained wp-block-group-is-layout-constrained\">\n<div class=\"wp-block-group is-vertical is-content-justification-center is-layout-flex wp-container-core-group-is-layout-52b864f0 wp-block-group-is-layout-flex\">\n<hr class=\"wp-block-separator has-alpha-channel-opacity\"\/>\n<\/div>\n\n\n\n<p><\/p>\n\n\n\n<div class=\"wp-block-group is-vertical is-content-justification-center is-layout-flex wp-container-core-group-is-layout-52b864f0 wp-block-group-is-layout-flex\">\n<h2 class=\"wp-block-heading\">Ana sonu\u00e7lar<\/h2>\n<\/div>\n\n\n\n<div style=\"margin-top:0;margin-bottom:0;height:var(--wp--preset--spacing--40)\" aria-hidden=\"true\" class=\"wp-block-spacer\"><\/div>\n\n\n\n<div class=\"wp-block-columns alignwide is-layout-flex wp-container-core-columns-is-layout-d0bbbce0 wp-block-columns-is-layout-flex\">\n<div class=\"wp-block-column is-layout-flow wp-container-core-column-is-layout-e3d1c41b wp-block-column-is-layout-flow\">\n<h3 class=\"wp-block-heading has-text-align-left is-style-asterisk has-body-font-family has-medium-font-size\" style=\"font-style:normal;font-weight:600\">Tam donan\u0131ml\u0131 bir Mobil Sanat Terapisi Klini\u011finin kurulmas\u0131<\/h3>\n\n\n\n<p class=\"has-text-align-left\">Sanat terapisi kaynaklar\u0131 ve tesisleriyle donat\u0131lm\u0131\u015f, k\u0131rsal alanlardaki ya\u015fl\u0131 bireylere do\u011frudan terap\u00f6tik hizmetler sunmaya haz\u0131r bir mobil klini\u011fin geli\u015ftirilmesi ve faaliyete ge\u00e7irilmesi.<\/p>\n<\/div>\n\n\n\n<div class=\"wp-block-column is-layout-flow wp-container-core-column-is-layout-e3d1c41b wp-block-column-is-layout-flow\">\n<h3 class=\"wp-block-heading has-text-align-left is-style-asterisk has-body-font-family has-medium-font-size\" style=\"font-style:normal;font-weight:600\">Sanat terapisi hizmetlerine eri\u015fimin art\u0131r\u0131lmas\u0131<\/h3>\n\n\n\n<p class=\"has-text-align-left\">K\u0131rsal topluluklarda ya\u015fayan ya\u015fl\u0131 bireyler i\u00e7in, s\u0131n\u0131rl\u0131 hareket kabiliyeti ve yak\u0131nlarda tesis bulunmamas\u0131 gibi engellerin a\u015f\u0131lmas\u0131yla, sanat terapisi m\u00fcdahalelerinin do\u011frudan kap\u0131lar\u0131na getirilmesiyle eri\u015filebilirli\u011fin art\u0131r\u0131lmas\u0131.<\/p>\n<\/div>\n\n\n\n<div class=\"wp-block-column is-layout-flow wp-container-core-column-is-layout-e3d1c41b wp-block-column-is-layout-flow\">\n<h3 class=\"wp-block-heading has-text-align-left is-style-asterisk has-body-font-family has-medium-font-size\" style=\"font-style:normal;font-weight:600\">Yerinde sanat terapisi seanslar\u0131n\u0131n sa\u011flanmas\u0131<\/h3>\n\n\n\n<p class=\"has-text-align-left\">Bireysel veya grup aktiviteleri, yarat\u0131c\u0131 at\u00f6lyeler ve ifade edici sanat m\u00fcdahaleleri dahil olmak \u00fczere, kat\u0131l\u0131mc\u0131lar aras\u0131nda duygusal refah\u0131 ve sosyal kat\u0131l\u0131m\u0131 te\u015fvik eden, ki\u015fiye \u00f6zel sanat terapisi seanslar\u0131n\u0131n sunulmas\u0131.<\/p>\n<\/div>\n<\/div>\n\n\n\n<div style=\"height:var(--wp--preset--spacing--20)\" aria-hidden=\"true\" class=\"wp-block-spacer\"><\/div>\n\n\n\n<div class=\"wp-block-columns alignwide is-layout-flex wp-container-core-columns-is-layout-d0bbbce0 wp-block-columns-is-layout-flex\">\n<div class=\"wp-block-column is-layout-flow wp-container-core-column-is-layout-e3d1c41b wp-block-column-is-layout-flow\">\n<h3 class=\"wp-block-heading has-text-align-left is-style-asterisk has-body-font-family has-medium-font-size\" style=\"font-style:normal;font-weight:600\">Artt\u0131r\u0131lm\u0131\u015f toplum kat\u0131l\u0131m\u0131 ve kat\u0131l\u0131m\u0131<\/h3>\n\n\n\n<p class=\"has-text-align-left\">Sanat terapisi hizmetlerinin planlanmas\u0131, tan\u0131t\u0131m\u0131 ve sunumunda toplum kat\u0131l\u0131m\u0131n\u0131 te\u015fvik etmek i\u00e7in yerel payda\u015flar, toplum \u00f6rg\u00fctleri ve g\u00f6n\u00fcll\u00fclerle i\u015f birli\u011fi yap\u0131lmas\u0131, kat\u0131l\u0131mc\u0131lar aras\u0131nda sahiplik ve g\u00fc\u00e7lenme duygusunun te\u015fvik edilmesi.<\/p>\n<\/div>\n\n\n\n<div class=\"wp-block-column is-layout-flow wp-container-core-column-is-layout-e3d1c41b wp-block-column-is-layout-flow\">\n<h3 class=\"wp-block-heading has-text-align-left is-style-asterisk has-body-font-family has-medium-font-size\" style=\"font-style:normal;font-weight:600\">Etki ve etkinli\u011fin de\u011ferlendirilmesi<\/h3>\n\n\n\n<p class=\"has-text-align-left\">Kat\u0131l\u0131mc\u0131lar\u0131n refah\u0131nda, sosyal ba\u011flant\u0131lar\u0131nda ve mobil klinikle etkile\u015fimin ard\u0131ndan ya\u015fam kalitesinde meydana gelen de\u011fi\u015fiklikleri de\u011ferlendirmek i\u00e7in titiz izleme ve de\u011ferlendirme mekanizmalar\u0131. S\u00fcrekli iyile\u015ftirmeyi bilgilendirmek ve hizmet sunumunu optimize etmek i\u00e7in geri bildirim toplamak.<\/p>\n\n\n\n<p class=\"has-text-align-left\"><\/p>\n<\/div>\n<\/div>\n<\/div>\n<\/div>\n","protected":false},"excerpt":{"rendered":"<p>\u0130\u015f paketi, k\u0131rsal alanlardaki ya\u015fl\u0131 bireylere terap\u00f6tik hizmetler sunmak i\u00e7in sanat terapisi kaynaklar\u0131yla donat\u0131lm\u0131\u015f bir mobil klinik tasarlamay\u0131 ve kurmay\u0131 [&hellip;]<\/p>\n","protected":false},"author":1,"featured_media":0,"parent":0,"menu_order":0,"comment_status":"closed","ping_status":"closed","template":"","meta":{"site-sidebar-layout":"default","site-content-layout":"","ast-site-content-layout":"","site-content-style":"default","site-sidebar-style":"default","ast-global-header-display":"","ast-banner-title-visibility":"","ast-main-header-display":"","ast-hfb-above-header-display":"","ast-hfb-below-header-display":"","ast-hfb-mobile-header-display":"","site-post-title":"","ast-breadcrumbs-content":"","ast-featured-img":"","footer-sml-layout":"","theme-transparent-header-meta":"","adv-header-id-meta":"","stick-header-meta":"","header-above-stick-meta":"","header-main-stick-meta":"","header-below-stick-meta":"","astra-migrate-meta-layouts":"default","ast-page-background-enabled":"default","ast-page-background-meta":{"desktop":{"background-color":"var(--ast-global-color-5)","background-image":"","background-repeat":"repeat","background-position":"center center","background-size":"auto","background-attachment":"scroll","background-type":"","background-media":"","overlay-type":"","overlay-color":"","overlay-opacity":"","overlay-gradient":""},"tablet":{"background-color":"","background-image":"","background-repeat":"repeat","background-position":"center center","background-size":"auto","background-attachment":"scroll","background-type":"","background-media":"","overlay-type":"","overlay-color":"","overlay-opacity":"","overlay-gradient":""},"mobile":{"background-color":"","background-image":"","background-repeat":"repeat","background-position":"center center","background-size":"auto","background-attachment":"scroll","background-type":"","background-media":"","overlay-type":"","overlay-color":"","overlay-opacity":"","overlay-gradient":""}},"ast-content-background-meta":{"desktop":{"background-color":"var(--ast-global-color-4)","background-image":"","background-repeat":"repeat","background-position":"center center","background-size":"auto","background-attachment":"scroll","background-type":"","background-media":"","overlay-type":"","overlay-color":"","overlay-opacity":"","overlay-gradient":""},"tablet":{"background-color":"var(--ast-global-color-4)","background-image":"","background-repeat":"repeat","background-position":"center center","background-size":"auto","background-attachment":"scroll","background-type":"","background-media":"","overlay-type":"","overlay-color":"","overlay-opacity":"","overlay-gradient":""},"mobile":{"background-color":"var(--ast-global-color-4)","background-image":"","background-repeat":"repeat","background-position":"center center","background-size":"auto","background-attachment":"scroll","background-type":"","background-media":"","overlay-type":"","overlay-color":"","overlay-opacity":"","overlay-gradient":""}},"footnotes":""},"class_list":["post-66","page","type-page","status-publish","hentry"],"jetpack_sharing_enabled":true,"_links":{"self":[{"href":"https:\/\/erasmusera.com\/index.php?rest_route=\/wp\/v2\/pages\/66","targetHints":{"allow":["GET"]}}],"collection":[{"href":"https:\/\/erasmusera.com\/index.php?rest_route=\/wp\/v2\/pages"}],"about":[{"href":"https:\/\/erasmusera.com\/index.php?rest_route=\/wp\/v2\/types\/page"}],"author":[{"embeddable":true,"href":"https:\/\/erasmusera.com\/index.php?rest_route=\/wp\/v2\/users\/1"}],"replies":[{"embeddable":true,"href":"https:\/\/erasmusera.com\/index.php?rest_route=%2Fwp%2Fv2%2Fcomments&post=66"}],"version-history":[{"count":2,"href":"https:\/\/erasmusera.com\/index.php?rest_route=\/wp\/v2\/pages\/66\/revisions"}],"predecessor-version":[{"id":159,"href":"https:\/\/erasmusera.com\/index.php?rest_route=\/wp\/v2\/pages\/66\/revisions\/159"}],"wp:attachment":[{"href":"https:\/\/erasmusera.com\/index.php?rest_route=%2Fwp%2Fv2%2Fmedia&parent=66"}],"curies":[{"name":"wp","href":"https:\/\/api.w.org\/{rel}","templated":true}]}}